{"id":8643,"date":"2024-05-13T12:20:26","date_gmt":"2024-05-13T10:20:26","guid":{"rendered":"https:\/\/wordpress.hotel-zumschiff.de\/?page_id=8643"},"modified":"2024-07-29T12:25:34","modified_gmt":"2024-07-29T10:25:34","slug":"tagungen","status":"publish","type":"page","link":"https:\/\/www.hotel-zumschiff.de\/de\/tagungen\/","title":{"rendered":"Tagungen"},"content":{"rendered":"<section class=\"l-section wpb_row us_custom_21114ce5 hero-slider-content-pages height_auto full_height valign_center with_img parallax_fixed with_slider\"><div class=\"l-section-img\" role=\"img\" aria-label=\"Bild\" data-img-width=\"2048\" data-img-height=\"1026\" style=\"background-image: url(https:\/\/www.hotel-zumschiff.de\/wp-content\/uploads\/2024\/05\/2024_Schiff_rooms_0482.jpg);background-position: bottom center;background-repeat: no-repeat;\"><\/div><div class=\"l-section-slider\"><div class=\"w-slider style_none fit_cover nav_none count_3\"><div class=\"w-slider-h\" aria-hidden=\"true\"><div class=\"royalSlider\"><div class=\"rsContent\"><a class=\"rsImg\" data-rsw=\"2500\" data-rsh=\"1667\" href=\"https:\/\/www.hotel-zumschiff.de\/wp-content\/uploads\/2024\/07\/2024_Schiff_rooms_0486_done-1.jpg\"><span data-alt=\"\"><\/span><\/a><\/div><div class=\"rsContent\"><a class=\"rsImg\" data-rsw=\"2500\" data-rsh=\"1667\" href=\"https:\/\/www.hotel-zumschiff.de\/wp-content\/uploads\/2024\/07\/2024_Schiff_rooms_0563_done-2.jpg\"><span data-alt=\"\"><\/span><\/a><\/div><div class=\"rsContent\"><a class=\"rsImg\" data-rsw=\"2500\" data-rsh=\"1667\" href=\"https:\/\/www.hotel-zumschiff.de\/wp-content\/uploads\/2024\/07\/2024_Schiff_rooms_0495-1_done-1.jpg\"><span data-alt=\"\"><\/span><\/a><\/div><\/div><img decoding=\"async\" src=\"https:\/\/www.hotel-zumschiff.de\/wp-content\/uploads\/2024\/07\/2024_Schiff_rooms_0486_done-1.jpg\" width=\"2500\" height=\"1667\" alt loading=\"lazy\"><\/div><div class=\"w-slider-json\" onclick='return {&quot;autoScaleSlider&quot;:true,&quot;addActiveClass&quot;:true,&quot;loop&quot;:true,&quot;fadeInLoadedSlide&quot;:false,&quot;slidesSpacing&quot;:0,&quot;imageScalePadding&quot;:0,&quot;numImagesToPreload&quot;:2,&quot;arrowsNav&quot;:false,&quot;arrowsNavAutoHide&quot;:false,&quot;transitionType&quot;:&quot;fade&quot;,&quot;transitionSpeed&quot;:1000,&quot;block&quot;:{&quot;moveEffect&quot;:&quot;none&quot;,&quot;speed&quot;:300},&quot;thumbs&quot;:{&quot;fitInViewport&quot;:false,&quot;firstMargin&quot;:false,&quot;spacing&quot;:4},&quot;controlNavigation&quot;:&quot;none&quot;,&quot;autoplay&quot;:{&quot;enabled&quot;:true,&quot;pauseOnHover&quot;:false,&quot;delay&quot;:3000},&quot;autoScaleSliderWidth&quot;:2500,&quot;autoScaleSliderHeight&quot;:1667}'><\/div><\/div><\/div><div class=\"l-section-overlay\" style=\"background:var(--color-header-top-transparent-bg)\"><\/div><div class=\"l-section-h i-cf\"><div class=\"g-cols vc_row via_flex valign_middle type_default stacking_default\"><div class=\"vc_col-sm-12 wpb_column vc_column_container\"><div class=\"vc_column-inner\"><div class=\"wpb_wrapper\"><div class=\"w-separator size_small\"><\/div><h1 class=\"w-itext us_custom_8b3d6790 has_text_color hide_on_mobiles type_zoomIn align_center\" onclick='return {&quot;duration&quot;:400,&quot;delay&quot;:3000,&quot;disablePartAnimation&quot;:false,&quot;html_nbsp_char&quot;:false}'><span class=\"w-itext-part changesat_0 changesat_1 changesat_2 dynamic\" onclick='return [&quot;Tagungen,&quot;,&quot;Veranstaltungen,&quot;,&quot;Feiern&quot;]'><span>Tagungen,<\/span><\/span><\/h1><h1 class=\"w-itext us_custom_8b3d6790 has_text_color hide_on_default hide_on_laptops hide_on_tablets type_zoomIn align_center\" onclick='return {&quot;duration&quot;:400,&quot;delay&quot;:3000,&quot;disablePartAnimation&quot;:false,&quot;html_nbsp_char&quot;:false}'><span class=\"w-itext-part changesat_0 changesat_1 changesat_2 dynamic\" onclick='return [&quot;Tagungen,&quot;,&quot;Veran\\u00adstaltungen,&quot;,&quot;Feiern&quot;]'><span>Tagungen,<\/span><\/span><\/h1><div class=\"w-separator size_small\"><\/div><div class=\"w-text us_custom_cb96e69e has_text_color\"><span class=\"w-text-h\"><span class=\"w-text-value\">Unsere klimatisierten und modern ausgestatteten Tagungsr\u00e4ume<br \/>\nlassen Ihre Veranstaltung zu einem vollen Erfolg werden!<\/span><\/span><\/div><\/div><\/div><\/div><\/div><\/div><\/section><section class=\"l-section wpb_row height_large\"><div class=\"l-section-h i-cf\"><div class=\"g-cols vc_row via_flex valign_top type_default stacking_default\"><div class=\"vc_col-sm-12 wpb_column vc_column_container\"><div class=\"vc_column-inner\"><div class=\"wpb_wrapper\"><div class=\"g-cols wpb_row via_flex valign_top type_default stacking_default\"><div class=\"vc_col-sm-6 wpb_column vc_column_container\"><div class=\"vc_column-inner\"><div class=\"wpb_wrapper\"><div class=\"w-image us_custom_41db1529 align_none\"><div class=\"w-image-h\"><img decoding=\"async\" src=\"https:\/\/www.hotel-zumschiff.de\/wp-content\/uploads\/2024\/05\/shiff_pic_big.svg\" class=\"attachment-full size-full\" alt=\"\" loading=\"lazy\" \/><\/div><\/div><div class=\"w-separator size_small\"><\/div><h2 class=\"w-text\"><span class=\"w-text-h\"><span class=\"w-text-value\">Tagen in badischer Atmosph\u00e4re<\/span><\/span><\/h2><div class=\"w-separator size_custom with_line width_default thick_2 style_solid color_primary align_center\" style=\"height:15px\"><div class=\"w-separator-h\"><\/div><\/div><div class=\"w-separator size_small\"><\/div><div class=\"wpb_text_column\"><div class=\"wpb_wrapper\"><h3>Ihr Gastgeber f\u00fcr Ihre Tagung<\/h3>\n<\/div><\/div><div class=\"wpb_text_column us_custom_1e0e9307\"><div class=\"wpb_wrapper\"><p>Gerne sind wir Ihr professioneller Gastgeber Ihrer Tagung.<br \/>\n5 vollklimatisierte, unterschiedlich gro\u00dfe Tagungsr\u00e4ume mit verschiedensten Bestuhlungsm\u00f6glichkeiten stehen Ihnen zur Verf\u00fcgung.<\/p>\n<\/div><\/div><div class=\"w-btn-wrapper align_none\"><a class=\"w-btn us-btn-style_1\" href=\"\/kontakt\/\"><span class=\"w-btn-label\">Jetzt anfragen!<\/span><\/a><\/div><\/div><\/div><\/div><div class=\"vc_col-sm-6 wpb_column vc_column_container has_bg_color stretched\"><div class=\"vc_column-inner us_custom_7670bfc2\"><div class=\"wpb_wrapper\"><\/div><\/div><\/div><\/div><\/div><\/div><\/div><\/div><\/div><\/section><section class=\"l-section wpb_row height_large color_alternate\"><div class=\"l-section-h i-cf\"><div class=\"g-cols vc_row via_flex valign_top type_default stacking_default\"><div class=\"vc_col-sm-12 wpb_column vc_column_container\"><div class=\"vc_column-inner\"><div class=\"wpb_wrapper\"><div class=\"wpb_text_column\"><div class=\"wpb_wrapper\"><h2 style=\"text-align: center;\">Unsere Tagungsr\u00e4ume<\/h2>\n<\/div><\/div><div class=\"wpb_text_column\"><div class=\"wpb_wrapper\"><p style=\"text-align: center;\">Hier finden Sie eine erste \u00dcbersicht, gern beraten wir Sie individuell.<\/p>\n<\/div><\/div><div class=\"w-separator size_medium\"><\/div><div class=\"g-cols wpb_row button-at-end via_flex valign_top type_default stacking_default\"><div class=\"vc_col-sm-6 vc_col-lg-4 vc_col-md-6 vc_col-xs-12 wpb_column vc_column_container has_bg_color\"><div class=\"vc_column-inner us_custom_08602085\"><div class=\"wpb_wrapper\"><div class=\"w-image us_custom_68f1b585 has_ratio align_none\"><div class=\"w-image-h\"><div style=\"padding-bottom:56.25%\"><\/div><img decoding=\"async\" width=\"1024\" height=\"683\" src=\"https:\/\/www.hotel-zumschiff.de\/wp-content\/uploads\/2024\/07\/2024_Schiff_rooms_0520_done-1-1024x683.jpg\" class=\"attachment-large size-large\" alt=\"\" loading=\"lazy\" \/><\/div><\/div><div class=\"w-separator size_small\"><\/div><h4 class=\"w-text us_custom_eb849559\"><span class=\"w-text-h\"><span class=\"w-text-value\">FREIBURG<\/span><\/span><\/h4><div class=\"w-separator size_custom with_line width_default thick_1 style_solid color_primary align_center\" style=\"height:15px\"><div class=\"w-separator-h\"><\/div><\/div><div class=\"wpb_text_column\"><div class=\"wpb_wrapper\"><p>Bestuhlung<br \/>\n26 &#8211; 100 Personen<\/p>\n<p>Gr\u00f6\u00dfe<br \/>\nFl\u00e4che: 99 m\u00b2<br \/>\nRaumh\u00f6he: 3 m<\/p>\n<\/div><\/div><div class=\"w-btn-wrapper align_center\"><a class=\"w-btn us-btn-style_3\" target=\"_blank\" href=\"\/wp-content\/uploads\/2024\/07\/Tagung_freiburg.pdf\"><span class=\"w-btn-label\">Datenblatt<\/span><\/a><\/div><\/div><\/div><\/div><div class=\"vc_col-sm-6 vc_col-lg-4 vc_col-md-6 vc_col-xs-12 wpb_column vc_column_container has_bg_color\"><div class=\"vc_column-inner us_custom_08602085\"><div class=\"wpb_wrapper\"><div class=\"w-image us_custom_68f1b585 has_ratio align_none\"><div class=\"w-image-h\"><div style=\"padding-bottom:56.25%\"><\/div><img decoding=\"async\" width=\"1024\" height=\"768\" src=\"https:\/\/www.hotel-zumschiff.de\/wp-content\/uploads\/2024\/07\/IMG_6855-1024x768.jpg\" class=\"attachment-large size-large\" alt=\"\" loading=\"lazy\" \/><\/div><\/div><div class=\"w-separator size_small\"><\/div><h4 class=\"w-text us_custom_eb849559\"><span class=\"w-text-h\"><span class=\"w-text-value\">FELDBERG<\/span><\/span><\/h4><div class=\"w-separator size_custom with_line width_default thick_1 style_solid color_primary align_center\" style=\"height:15px\"><div class=\"w-separator-h\"><\/div><\/div><div class=\"wpb_text_column\"><div class=\"wpb_wrapper\"><p style=\"text-align: center;\">Bestuhlung<br \/>\nmax. 60 Personen<\/p>\n<p style=\"text-align: center;\">Gr\u00f6\u00dfe<br \/>\nFl\u00e4che 68 m\u00b2<br \/>\nRaumh\u00f6he 3 m<\/p>\n<\/div><\/div><div class=\"w-btn-wrapper align_center\"><a class=\"w-btn us-btn-style_3\" target=\"_blank\" href=\"\/wp-content\/uploads\/2024\/07\/Tagung_feldberg.pdf\"><span class=\"w-btn-label\">Datenblatt<\/span><\/a><\/div><\/div><\/div><\/div><div class=\"vc_col-sm-6 vc_col-lg-4 vc_col-md-6 vc_col-xs-12 wpb_column vc_column_container has_bg_color\"><div class=\"vc_column-inner us_custom_08602085\"><div class=\"wpb_wrapper\"><div class=\"w-image us_custom_68f1b585 has_ratio align_none\"><div class=\"w-image-h\"><div style=\"padding-bottom:56.25%\"><\/div><img decoding=\"async\" width=\"1024\" height=\"576\" src=\"https:\/\/www.hotel-zumschiff.de\/wp-content\/uploads\/2024\/07\/HZS_Tagung_F-1024x576.jpg\" class=\"attachment-large size-large\" alt=\"\" loading=\"lazy\" \/><\/div><\/div><div class=\"w-separator size_small\"><\/div><h4 class=\"w-text us_custom_eb849559\"><span class=\"w-text-h\"><span class=\"w-text-value\">FREIBURG + FELDBERG<\/span><\/span><\/h4><div class=\"w-separator size_custom with_line width_default thick_1 style_solid color_primary align_center\" style=\"height:15px\"><div class=\"w-separator-h\"><\/div><\/div><div class=\"wpb_text_column\"><div class=\"wpb_wrapper\"><p style=\"text-align: center;\">Bestuhlung<br \/>\nSeminar: 90 Personen<\/p>\n<p style=\"text-align: center;\">Gr\u00f6\u00dfe<br \/>\nFl\u00e4che: 168 m\u00b2<br \/>\nRaumh\u00f6he: 3 m<\/p>\n<\/div><\/div><div class=\"w-btn-wrapper align_center\"><a class=\"w-btn us-btn-style_3\" target=\"_blank\" href=\"\/wp-content\/uploads\/2024\/07\/Tagung_freiburg_feldberg.pdf\"><span class=\"w-btn-label\">Datenblatt<\/span><\/a><\/div><\/div><\/div><\/div><div class=\"vc_col-sm-6 vc_col-lg-4 vc_col-md-6 vc_col-xs-12 wpb_column vc_column_container has_bg_color\"><div class=\"vc_column-inner us_custom_08602085\"><div class=\"wpb_wrapper\"><div class=\"w-image us_custom_68f1b585 has_ratio align_none\"><div class=\"w-image-h\"><div style=\"padding-bottom:56.25%\"><\/div><img decoding=\"async\" width=\"1024\" height=\"683\" src=\"https:\/\/www.hotel-zumschiff.de\/wp-content\/uploads\/2024\/07\/2024_Schiff_rooms_0597-1_done-1-1024x683.jpg\" class=\"attachment-large size-large\" alt=\"\" loading=\"lazy\" \/><\/div><\/div><div class=\"w-separator size_small\"><\/div><h4 class=\"w-text us_custom_eb849559\"><span class=\"w-text-h\"><span class=\"w-text-value\">LORETTOBERG<\/span><\/span><\/h4><div class=\"w-separator size_custom with_line width_default thick_1 style_solid color_primary align_center\" style=\"height:15px\"><div class=\"w-separator-h\"><\/div><\/div><div class=\"wpb_text_column us_custom_eb849559\"><div class=\"wpb_wrapper\"><p style=\"text-align: center;\">Bestuhlung<br \/>\nU-Form: 31 Personen<br \/>\nSeminar: 30 Personen<\/p>\n<p style=\"text-align: center;\">Gr\u00f6\u00dfe<br \/>\nFl\u00e4che: 87 m\u00b2<br \/>\nRaumh\u00f6he: 2,95 m<\/p>\n<\/div><\/div><div class=\"w-separator size_small\"><\/div><div class=\"w-btn-wrapper align_center\"><a class=\"w-btn us-btn-style_3\" target=\"_blank\" href=\"\/wp-content\/uploads\/2024\/07\/Tagung_lorettoberg.pdf\"><span class=\"w-btn-label\">Datenblatt<\/span><\/a><\/div><\/div><\/div><\/div><div class=\"vc_col-sm-6 vc_col-lg-4 vc_col-md-6 vc_col-xs-12 wpb_column vc_column_container has_bg_color\"><div class=\"vc_column-inner us_custom_08602085\"><div class=\"wpb_wrapper\"><div class=\"w-image us_custom_68f1b585 has_ratio align_none\"><div class=\"w-image-h\"><div style=\"padding-bottom:56.25%\"><\/div><img decoding=\"async\" width=\"1024\" height=\"683\" src=\"https:\/\/www.hotel-zumschiff.de\/wp-content\/uploads\/2024\/07\/2024_Schiff_rooms_0563_done-1-1024x683.jpg\" class=\"attachment-large size-large\" alt=\"\" loading=\"lazy\" \/><\/div><\/div><div class=\"w-separator size_small\"><\/div><h4 class=\"w-text us_custom_eb849559\"><span class=\"w-text-h\"><span class=\"w-text-value\">SCHLOSSBERG<\/span><\/span><\/h4><div class=\"w-separator size_custom with_line width_default thick_1 style_solid color_primary align_center\" style=\"height:15px\"><div class=\"w-separator-h\"><\/div><\/div><div class=\"wpb_text_column\"><div class=\"wpb_wrapper\"><p style=\"text-align: center;\">Bestuhlung<br \/>\nKonzert: 24 Personen<br \/>\nBlock: 12 Personen<\/p>\n<p style=\"text-align: center;\">Gr\u00f6\u00dfe<br \/>\nFl\u00e4che: 29 m\u00b2<br \/>\nRaumh\u00f6he: 2,5 m<\/p>\n<\/div><\/div><div class=\"w-separator size_small\"><\/div><div class=\"w-btn-wrapper align_center\"><a class=\"w-btn us-btn-style_3\" target=\"_blank\" href=\"\/wp-content\/uploads\/2024\/07\/Tagung_schlossberg.pdf\"><span class=\"w-btn-label\">Datenblatt<\/span><\/a><\/div><\/div><\/div><\/div><div class=\"vc_col-sm-6 vc_col-lg-4 vc_col-md-6 vc_col-xs-12 wpb_column vc_column_container has_bg_color\"><div class=\"vc_column-inner us_custom_08602085\"><div class=\"wpb_wrapper\"><div class=\"w-image us_custom_68f1b585 has_ratio align_none\"><div class=\"w-image-h\"><div style=\"padding-bottom:56.25%\"><\/div><img decoding=\"async\" width=\"1024\" height=\"683\" src=\"https:\/\/www.hotel-zumschiff.de\/wp-content\/uploads\/2024\/07\/2024_Schiff_rooms_0611-1_done-1024x683.jpg\" class=\"attachment-large size-large\" alt=\"\" loading=\"lazy\" \/><\/div><\/div><div class=\"w-separator size_small\"><\/div><h4 class=\"w-text us_custom_eb849559\"><span class=\"w-text-h\"><span class=\"w-text-value\">BELCHEN<\/span><\/span><\/h4><div class=\"w-separator size_custom with_line width_default thick_1 style_solid color_primary align_center\" style=\"height:15px\"><div class=\"w-separator-h\"><\/div><\/div><div class=\"wpb_text_column\"><div class=\"wpb_wrapper\"><p style=\"text-align: center;\">Bestuhlung<br \/>\n8 Personen<\/p>\n<\/div><\/div><div class=\"w-separator size_custom\" style=\"height:28px\"><\/div><div class=\"wpb_text_column\"><div class=\"wpb_wrapper\"><p style=\"text-align: center;\">Gr\u00f6\u00dfe<br \/>\nFl\u00e4che 12 m\u00b2<br \/>\nRaumh\u00f6he 2,6 m<\/p>\n<\/div><\/div><div class=\"w-separator size_small\"><\/div><div class=\"w-btn-wrapper align_center\"><a class=\"w-btn us-btn-style_3\" target=\"_blank\" href=\"\/wp-content\/uploads\/2024\/07\/Tagung_belchen.pdf\"><span class=\"w-btn-label\">Datenblatt<\/span><\/a><\/div><\/div><\/div><\/div><\/div><\/div><\/div><\/div><\/div><\/div><\/section>\n","protected":false},"excerpt":{"rendered":"Tagungen,Tagungen,Unsere klimatisierten und modern ausgestatteten Tagungsr\u00e4ume lassen Ihre Veranstaltung zu einem vollen Erfolg werden!Tagen in badischer Atmosph\u00e4reIhr Gastgeber f\u00fcr Ihre Tagung Gerne sind wir Ihr professioneller Gastgeber Ihrer Tagung. 5 vollklimatisierte, unterschiedlich gro\u00dfe Tagungsr\u00e4ume mit verschiedensten Bestuhlungsm\u00f6glichkeiten stehen Ihnen zur Verf\u00fcgung. Jetzt anfragen!Unsere Tagungsr\u00e4ume Hier finden Sie eine erste \u00dcbersicht, gern beraten wir Sie individuell....","protected":false},"author":1,"featured_media":0,"parent":0,"menu_order":0,"comment_status":"closed","ping_status":"closed","template":"","meta":{"footnotes":""},"class_list":["post-8643","page","type-page","status-publish","hentry"],"yoast_head":"<!-- This site is optimized with the Yoast SEO plugin v26.8 - https:\/\/yoast.com\/product\/yoast-seo-wordpress\/ -->\n<title>Tagungen &#8211; Hotel zum Schiff in Freiburg-St. Georgen<\/title>\n<meta name=\"robots\" content=\"index, follow, max-snippet:-1, max-image-preview:large, max-video-preview:-1\" \/>\n<link rel=\"canonical\" href=\"https:\/\/www.hotel-zumschiff.de\/de\/tagungen\/\" \/>\n<meta property=\"og:locale\" content=\"de_DE\" \/>\n<meta property=\"og:type\" content=\"article\" \/>\n<meta property=\"og:title\" content=\"Tagungen &#8211; Hotel zum Schiff in Freiburg-St. Georgen\" \/>\n<meta property=\"og:url\" content=\"https:\/\/www.hotel-zumschiff.de\/de\/tagungen\/\" \/>\n<meta property=\"og:site_name\" content=\"Hotel zum Schiff in Freiburg-St. Georgen\" \/>\n<meta property=\"article:modified_time\" content=\"2024-07-29T10:25:34+00:00\" \/>\n<meta property=\"og:image\" content=\"https:\/\/www.hotel-zumschiff.de\/wp-content\/uploads\/2024\/07\/2024_schiff_02_0134_done-min-scaled.jpg\" \/>\n\t<meta property=\"og:image:width\" content=\"2560\" \/>\n\t<meta property=\"og:image:height\" content=\"1707\" \/>\n\t<meta property=\"og:image:type\" content=\"image\/jpeg\" \/>\n<meta name=\"twitter:card\" content=\"summary_large_image\" \/>\n<meta name=\"twitter:label1\" content=\"Gesch\u00e4tzte Lesezeit\" \/>\n\t<meta name=\"twitter:data1\" content=\"2\u00a0Minuten\" \/>\n<script type=\"application\/ld+json\" class=\"yoast-schema-graph\">{\"@context\":\"https:\/\/schema.org\",\"@graph\":[{\"@type\":\"WebPage\",\"@id\":\"https:\/\/www.hotel-zumschiff.de\/de\/tagungen\/\",\"url\":\"https:\/\/www.hotel-zumschiff.de\/de\/tagungen\/\",\"name\":\"Tagungen &#8211; Hotel zum Schiff in Freiburg-St. Georgen\",\"isPartOf\":{\"@id\":\"https:\/\/www.hotel-zumschiff.de\/de\/#website\"},\"datePublished\":\"2024-05-13T10:20:26+00:00\",\"dateModified\":\"2024-07-29T10:25:34+00:00\",\"breadcrumb\":{\"@id\":\"https:\/\/www.hotel-zumschiff.de\/de\/tagungen\/#breadcrumb\"},\"inLanguage\":\"de\",\"potentialAction\":[{\"@type\":\"ReadAction\",\"target\":[\"https:\/\/www.hotel-zumschiff.de\/de\/tagungen\/\"]}]},{\"@type\":\"BreadcrumbList\",\"@id\":\"https:\/\/www.hotel-zumschiff.de\/de\/tagungen\/#breadcrumb\",\"itemListElement\":[{\"@type\":\"ListItem\",\"position\":1,\"name\":\"Startseite\",\"item\":\"https:\/\/www.hotel-zumschiff.de\/de\/\"},{\"@type\":\"ListItem\",\"position\":2,\"name\":\"Tagungen\"}]},{\"@type\":\"WebSite\",\"@id\":\"https:\/\/www.hotel-zumschiff.de\/de\/#website\",\"url\":\"https:\/\/www.hotel-zumschiff.de\/de\/\",\"name\":\"Hotel zum Schiff in Freiburg-St. Georgen\",\"description\":\"Badische Gastfreundschaft mit langer Tradition\",\"publisher\":{\"@id\":\"https:\/\/www.hotel-zumschiff.de\/de\/#organization\"},\"alternateName\":\"Hotel zum Schiff\",\"potentialAction\":[{\"@type\":\"SearchAction\",\"target\":{\"@type\":\"EntryPoint\",\"urlTemplate\":\"https:\/\/www.hotel-zumschiff.de\/de\/?s={search_term_string}\"},\"query-input\":{\"@type\":\"PropertyValueSpecification\",\"valueRequired\":true,\"valueName\":\"search_term_string\"}}],\"inLanguage\":\"de\"},{\"@type\":\"Organization\",\"@id\":\"https:\/\/www.hotel-zumschiff.de\/de\/#organization\",\"name\":\"Hotel zum Schiff in Freiburg-St. Georgen\",\"alternateName\":\"Hotel zum Schiff\",\"url\":\"https:\/\/www.hotel-zumschiff.de\/de\/\",\"logo\":{\"@type\":\"ImageObject\",\"inLanguage\":\"de\",\"@id\":\"https:\/\/www.hotel-zumschiff.de\/de\/#\/schema\/logo\/image\/\",\"url\":\"https:\/\/www.hotel-zumschiff.de\/wp-content\/uploads\/2024\/05\/HZS_Logo2.svg\",\"contentUrl\":\"https:\/\/www.hotel-zumschiff.de\/wp-content\/uploads\/2024\/05\/HZS_Logo2.svg\",\"width\":\"1024\",\"height\":\"1024\",\"caption\":\"Hotel zum Schiff in Freiburg-St. Georgen\"},\"image\":{\"@id\":\"https:\/\/www.hotel-zumschiff.de\/de\/#\/schema\/logo\/image\/\"}}]}<\/script>\n<!-- \/ Yoast SEO plugin. -->","yoast_head_json":{"title":"Tagungen &#8211; Hotel zum Schiff in Freiburg-St. Georgen","robots":{"index":"index","follow":"follow","max-snippet":"max-snippet:-1","max-image-preview":"max-image-preview:large","max-video-preview":"max-video-preview:-1"},"canonical":"https:\/\/www.hotel-zumschiff.de\/de\/tagungen\/","og_locale":"de_DE","og_type":"article","og_title":"Tagungen &#8211; Hotel zum Schiff in Freiburg-St. Georgen","og_url":"https:\/\/www.hotel-zumschiff.de\/de\/tagungen\/","og_site_name":"Hotel zum Schiff in Freiburg-St. Georgen","article_modified_time":"2024-07-29T10:25:34+00:00","og_image":[{"width":2560,"height":1707,"url":"https:\/\/www.hotel-zumschiff.de\/wp-content\/uploads\/2024\/07\/2024_schiff_02_0134_done-min-scaled.jpg","type":"image\/jpeg"}],"twitter_card":"summary_large_image","twitter_misc":{"Gesch\u00e4tzte Lesezeit":"2\u00a0Minuten"},"schema":{"@context":"https:\/\/schema.org","@graph":[{"@type":"WebPage","@id":"https:\/\/www.hotel-zumschiff.de\/de\/tagungen\/","url":"https:\/\/www.hotel-zumschiff.de\/de\/tagungen\/","name":"Tagungen &#8211; Hotel zum Schiff in Freiburg-St. Georgen","isPartOf":{"@id":"https:\/\/www.hotel-zumschiff.de\/de\/#website"},"datePublished":"2024-05-13T10:20:26+00:00","dateModified":"2024-07-29T10:25:34+00:00","breadcrumb":{"@id":"https:\/\/www.hotel-zumschiff.de\/de\/tagungen\/#breadcrumb"},"inLanguage":"de","potentialAction":[{"@type":"ReadAction","target":["https:\/\/www.hotel-zumschiff.de\/de\/tagungen\/"]}]},{"@type":"BreadcrumbList","@id":"https:\/\/www.hotel-zumschiff.de\/de\/tagungen\/#breadcrumb","itemListElement":[{"@type":"ListItem","position":1,"name":"Startseite","item":"https:\/\/www.hotel-zumschiff.de\/de\/"},{"@type":"ListItem","position":2,"name":"Tagungen"}]},{"@type":"WebSite","@id":"https:\/\/www.hotel-zumschiff.de\/de\/#website","url":"https:\/\/www.hotel-zumschiff.de\/de\/","name":"Hotel zum Schiff in Freiburg-St. Georgen","description":"Badische Gastfreundschaft mit langer Tradition","publisher":{"@id":"https:\/\/www.hotel-zumschiff.de\/de\/#organization"},"alternateName":"Hotel zum Schiff","potentialAction":[{"@type":"SearchAction","target":{"@type":"EntryPoint","urlTemplate":"https:\/\/www.hotel-zumschiff.de\/de\/?s={search_term_string}"},"query-input":{"@type":"PropertyValueSpecification","valueRequired":true,"valueName":"search_term_string"}}],"inLanguage":"de"},{"@type":"Organization","@id":"https:\/\/www.hotel-zumschiff.de\/de\/#organization","name":"Hotel zum Schiff in Freiburg-St. Georgen","alternateName":"Hotel zum Schiff","url":"https:\/\/www.hotel-zumschiff.de\/de\/","logo":{"@type":"ImageObject","inLanguage":"de","@id":"https:\/\/www.hotel-zumschiff.de\/de\/#\/schema\/logo\/image\/","url":"https:\/\/www.hotel-zumschiff.de\/wp-content\/uploads\/2024\/05\/HZS_Logo2.svg","contentUrl":"https:\/\/www.hotel-zumschiff.de\/wp-content\/uploads\/2024\/05\/HZS_Logo2.svg","width":"1024","height":"1024","caption":"Hotel zum Schiff in Freiburg-St. Georgen"},"image":{"@id":"https:\/\/www.hotel-zumschiff.de\/de\/#\/schema\/logo\/image\/"}}]}},"_links":{"self":[{"href":"https:\/\/www.hotel-zumschiff.de\/de\/wp-json\/wp\/v2\/pages\/8643","targetHints":{"allow":["GET"]}}],"collection":[{"href":"https:\/\/www.hotel-zumschiff.de\/de\/wp-json\/wp\/v2\/pages"}],"about":[{"href":"https:\/\/www.hotel-zumschiff.de\/de\/wp-json\/wp\/v2\/types\/page"}],"author":[{"embeddable":true,"href":"https:\/\/www.hotel-zumschiff.de\/de\/wp-json\/wp\/v2\/users\/1"}],"replies":[{"embeddable":true,"href":"https:\/\/www.hotel-zumschiff.de\/de\/wp-json\/wp\/v2\/comments?post=8643"}],"version-history":[{"count":10,"href":"https:\/\/www.hotel-zumschiff.de\/de\/wp-json\/wp\/v2\/pages\/8643\/revisions"}],"predecessor-version":[{"id":10066,"href":"https:\/\/www.hotel-zumschiff.de\/de\/wp-json\/wp\/v2\/pages\/8643\/revisions\/10066"}],"wp:attachment":[{"href":"https:\/\/www.hotel-zumschiff.de\/de\/wp-json\/wp\/v2\/media?parent=8643"}],"curies":[{"name":"wp","href":"https:\/\/api.w.org\/{rel}","templated":true}]}}