{"id":8697,"date":"2024-06-03T08:25:36","date_gmt":"2024-06-03T06:25:36","guid":{"rendered":"https:\/\/wordpress.hotel-zumschiff.de\/?page_id=8697"},"modified":"2024-07-29T20:49:58","modified_gmt":"2024-07-29T18:49:58","slug":"hotel","status":"publish","type":"page","link":"https:\/\/www.hotel-zumschiff.de\/de\/hotel\/","title":{"rendered":"Hotel"},"content":{"rendered":"<section class=\"l-section wpb_row us_custom_21114ce5 hero-slider-content-pages height_auto full_height valign_center parallax_fixed with_slider\"><div class=\"l-section-slider\"><div class=\"w-slider style_none fit_cover nav_none count_3\"><div class=\"w-slider-h\" aria-hidden=\"true\"><div class=\"royalSlider\"><div class=\"rsContent\"><a class=\"rsImg\" data-rsw=\"2560\" data-rsh=\"1707\" href=\"https:\/\/www.hotel-zumschiff.de\/wp-content\/uploads\/2024\/07\/2024_schiff_02_0134_done-min-scaled.jpg\"><span data-alt=\"\"><\/span><\/a><\/div><div class=\"rsContent\"><a class=\"rsImg\" data-rsw=\"2560\" data-rsh=\"1708\" href=\"https:\/\/www.hotel-zumschiff.de\/wp-content\/uploads\/2024\/07\/2024_Schiff_rooms_1188-1_done-min-scaled.jpg\"><span data-alt=\"\"><\/span><\/a><\/div><div class=\"rsContent\"><a class=\"rsImg\" data-rsw=\"2560\" data-rsh=\"1198\" href=\"https:\/\/www.hotel-zumschiff.de\/wp-content\/uploads\/2024\/07\/2024_Schiff_rooms_0735-1_done-min-scaled-e1721218200163.jpg\"><span data-alt=\"\"><\/span><\/a><\/div><\/div><img decoding=\"async\" src=\"https:\/\/www.hotel-zumschiff.de\/wp-content\/uploads\/2024\/07\/2024_schiff_02_0134_done-min-scaled.jpg\" width=\"2560\" height=\"1707\" alt loading=\"lazy\"><\/div><div class=\"w-slider-json\" onclick='return {&quot;autoScaleSlider&quot;:true,&quot;addActiveClass&quot;:true,&quot;loop&quot;:true,&quot;fadeInLoadedSlide&quot;:false,&quot;slidesSpacing&quot;:0,&quot;imageScalePadding&quot;:0,&quot;numImagesToPreload&quot;:2,&quot;arrowsNav&quot;:false,&quot;arrowsNavAutoHide&quot;:false,&quot;transitionType&quot;:&quot;fade&quot;,&quot;transitionSpeed&quot;:1000,&quot;block&quot;:{&quot;moveEffect&quot;:&quot;none&quot;,&quot;speed&quot;:300},&quot;thumbs&quot;:{&quot;fitInViewport&quot;:false,&quot;firstMargin&quot;:false,&quot;spacing&quot;:4},&quot;controlNavigation&quot;:&quot;none&quot;,&quot;autoplay&quot;:{&quot;enabled&quot;:true,&quot;pauseOnHover&quot;:false,&quot;delay&quot;:3000},&quot;autoScaleSliderWidth&quot;:2560,&quot;autoScaleSliderHeight&quot;:1707}'><\/div><\/div><\/div><div class=\"l-section-overlay\" style=\"background:var(--color-header-top-transparent-bg)\"><\/div><div class=\"l-section-h i-cf\"><div class=\"g-cols vc_row via_flex valign_middle type_default stacking_default\"><div class=\"vc_col-sm-12 wpb_column vc_column_container\"><div class=\"vc_column-inner\"><div class=\"wpb_wrapper\"><div class=\"w-separator size_small\"><\/div><h1 class=\"w-itext us_custom_8b3d6790 has_text_color type_zoomIn align_center\" onclick='return {&quot;duration&quot;:400,&quot;delay&quot;:3000,&quot;disablePartAnimation&quot;:false,&quot;html_nbsp_char&quot;:false}'><span class=\"w-itext-part changesat_0 changesat_1 changesat_2 dynamic\" onclick='return [&quot;Individualit\\u00e4t,&quot;,&quot;Charme,&quot;,&quot;Gem\\u00fctlichkeit&quot;]'><span>Individualit&auml;t,<\/span><\/span><\/h1><div class=\"w-separator size_small\"><\/div><div class=\"w-text us_custom_cb96e69e has_text_color\"><span class=\"w-text-h\"><span class=\"w-text-value\">Herzlich Willkommen im Hotel zum Schiff in Freiburg St. Georgen<\/span><\/span><\/div><\/div><\/div><\/div><\/div><\/div><\/section><section class=\"l-section wpb_row height_large\"><div class=\"l-section-h i-cf\"><div class=\"g-cols vc_row via_flex valign_middle type_default stacking_default\"><div class=\"vc_col-sm-12 wpb_column vc_column_container\"><div class=\"vc_column-inner\"><div class=\"wpb_wrapper\"><div class=\"g-cols wpb_row via_flex valign_middle type_default stacking_default\"><div class=\"vc_col-sm-6 wpb_column vc_column_container\"><div class=\"vc_column-inner us_custom_ba8e023c\"><div class=\"wpb_wrapper\"><div class=\"w-image us_custom_41db1529 align_none\"><div class=\"w-image-h\"><img decoding=\"async\" src=\"https:\/\/www.hotel-zumschiff.de\/wp-content\/uploads\/2024\/05\/shiff_pic_big.svg\" class=\"attachment-full size-full\" alt=\"\" loading=\"lazy\" \/><\/div><\/div><div class=\"w-separator size_small\"><\/div><h2 class=\"w-text\"><span class=\"w-text-h\"><span class=\"w-text-value\">Einzigartiges Juwel<\/span><\/span><\/h2><div class=\"w-separator size_custom with_line width_default thick_2 style_solid color_primary align_center\" style=\"height:15px\"><div class=\"w-separator-h\"><\/div><\/div><div class=\"w-separator size_small\"><\/div><h3 class=\"w-text\"><span class=\"w-text-h\"><span class=\"w-text-value\">Innenstadtn\u00e4he und Weinbergblick. Gesch\u00e4ftsreise mit Urlaubsflair.<\/span><\/span><\/h3><div class=\"wpb_text_column us_custom_1e0e9307\"><div class=\"wpb_wrapper\"><p>Die Lage unseres Hauses in Freiburg St. Georgen ist etwas ganz Besonderes. Und das wissen wir sehr zu sch\u00e4tzen. Und unsere G\u00e4ste tun dies auch, egal ob Urlaubsgast, Gesch\u00e4ftsreisender, Tagungsteilnehmer oder Restaurantbesucher.<\/p>\n<p>Das wunderbare Lebensgef\u00fchl der Schwarzwaldmetropole Freiburg hat im Stadtteil St. Georgen eine besonders faszinierende Auspr\u00e4gung.<\/p>\n<p>Und wenn es dann doch einmal in Richtung Innenstadt gehen soll, nutzen Sie einfach die Bushaltestelle vor unserer Haust\u00fcr. Denn Ihr Auto steht sicher auf einem unserer hoteleigenen Parkpl\u00e4tze oder in der Tiefgarage- kostenlos!<\/p>\n<\/div><\/div><\/div><\/div><\/div><div class=\"vc_col-sm-6 wpb_column vc_column_container has_bg_color stretched\"><div class=\"vc_column-inner us_custom_cf2b810c\"><div class=\"wpb_wrapper\"><\/div><\/div><\/div><\/div><\/div><\/div><\/div><\/div><\/div><\/section><section class=\"l-section wpb_row us_custom_8d72a14b height_medium with_img parallax_fixed\" id=\"ueber-uns\"><div class=\"l-section-img\" role=\"img\" aria-label=\"Bild\" data-img-width=\"2560\" data-img-height=\"1708\" style=\"background-image: url(https:\/\/www.hotel-zumschiff.de\/wp-content\/uploads\/2024\/07\/2024_Schiff_rooms_0816-1_done-min-scaled.jpg);background-position: center right;background-repeat: no-repeat;\"><\/div><div class=\"l-section-h i-cf\"><div class=\"g-cols vc_row via_flex valign_top type_default stacking_default\"><div class=\"vc_col-sm-12 wpb_column vc_column_container\"><div class=\"vc_column-inner\"><div class=\"wpb_wrapper\"><div class=\"g-cols wpb_row via_flex valign_top type_default stacking_default\"><div class=\"vc_col-sm-6 wpb_column vc_column_container\"><div class=\"vc_column-inner\"><div class=\"wpb_wrapper\"><\/div><\/div><\/div><div class=\"vc_col-sm-6 wpb_column vc_column_container has_bg_color\"><div class=\"vc_column-inner us_custom_c4a9f6ae\"><div class=\"wpb_wrapper\"><div class=\"w-image us_custom_41db1529 align_none\"><div class=\"w-image-h\"><img decoding=\"async\" src=\"https:\/\/www.hotel-zumschiff.de\/wp-content\/uploads\/2024\/05\/shiff_pic_big.svg\" class=\"attachment-full size-full\" alt=\"\" loading=\"lazy\" \/><\/div><\/div><h2 class=\"w-text\"><span class=\"w-text-h\"><span class=\"w-text-value\">\u00dcber uns:<\/span><\/span><\/h2><div class=\"w-separator size_custom with_line width_default thick_2 style_solid color_primary align_center\" style=\"height:15px\"><div class=\"w-separator-h\"><\/div><\/div><div class=\"w-separator size_small\"><\/div><h3 class=\"w-text\"><span class=\"w-text-h\"><span class=\"w-text-value\">Gastgeber aus Tradition!<\/span><\/span><\/h3><div class=\"wpb_text_column us_custom_d98eb4eb\"><div class=\"wpb_wrapper\"><p>Seit \u00fcber zwei Jahrhunderten ist das Hotel Zum Schiff im Besitz der Familie Frey.<br \/>\nVerl\u00e4ssliche Gastfreundschaft und Individualit\u00e4t sind wesentliche Bestandteile unserer Firmenphilosophie. Viele unserer Mitarbeiter sind schon seit \u00fcber 10 Jahren an Bord und darauf sind wir stolz!<\/p>\n<\/div><\/div><div class=\"w-separator size_small\"><\/div><\/div><\/div><\/div><\/div><\/div><\/div><\/div><\/div><\/div><\/section><section class=\"l-section wpb_row height_small width_custom\" style=\"--site-content-width:900px;\"><div class=\"l-section-overlay\" style=\"background:var(--color-header-middle-bg)\"><\/div><div class=\"l-section-h i-cf\"><div class=\"g-cols vc_row via_flex valign_top type_default stacking_default\"><div class=\"vc_col-sm-12 wpb_column vc_column_container\"><div class=\"vc_column-inner\"><div class=\"wpb_wrapper\"><div class=\"w-separator size_small\"><\/div><div class=\"wpb_text_column us_custom_97b19d17 has_text_color\"><div class=\"wpb_wrapper\"><h2 style=\"text-align: center;\">Rund ums Hotel<\/h2>\n<\/div><\/div><h3 class=\"w-text us_custom_eb849559\"><span class=\"w-text-h\"><span class=\"w-text-value\">Warum Hotel Zum Schiff?<\/span><\/span><\/h3><div class=\"wpb_text_column us_custom_eb849559\"><div class=\"wpb_wrapper\"><p style=\"text-align: center;\">An einer alten R\u00f6merstra\u00dfe gelegen, war das heutige St. Georgen schon immer ein strategisch wichtiger Punkt. Kutschen, die mit Passagieren und Waren in Richtung der nahegelegenen Rheinh\u00e4fen unterwegs waren oder von dort kamen, machten hier halt.<br \/>\nDas Gasthaus \u201eZum Schiff\u201c war Kutschen- und Zollstation, hatte eine eigene Schmiede und ein gro\u00dfes \u00d6konomiegeb\u00e4ude. Hier hielt man folglich gerne um sich zu st\u00e4rken, wenn man auf dem Weg Zum Schiff war oder von dort kam<\/p>\n<\/div><\/div><\/div><\/div><\/div><\/div><\/div><\/section><section class=\"l-section wpb_row height_large color_alternate with_img parallax_fixed\"><div class=\"l-section-img\" role=\"img\" aria-label=\"Bild\" data-img-width=\"2560\" data-img-height=\"1750\" style=\"background-image: url(https:\/\/www.hotel-zumschiff.de\/wp-content\/uploads\/2024\/07\/Bertoldstrasse-FWTM-Spiegelhalter-scaled.jpg);\"><\/div><div class=\"l-section-h i-cf\"><div class=\"g-cols vc_row via_flex valign_top type_default stacking_default\"><div class=\"vc_col-sm-12 wpb_column vc_column_container\"><div class=\"vc_column-inner\"><div class=\"wpb_wrapper\"><div class=\"g-cols wpb_row via_flex valign_top type_default stacking_default\"><div class=\"vc_col-sm-6 wpb_column vc_column_container has_bg_color\"><div class=\"vc_column-inner us_custom_c4a9f6ae\"><div class=\"wpb_wrapper\"><div class=\"w-image us_custom_41db1529 align_none\"><div class=\"w-image-h\"><img decoding=\"async\" src=\"https:\/\/www.hotel-zumschiff.de\/wp-content\/uploads\/2024\/05\/shiff_pic_big.svg\" class=\"attachment-full size-full\" alt=\"\" loading=\"lazy\" \/><\/div><\/div><h2 class=\"w-text\"><span class=\"w-text-h\"><span class=\"w-text-value\">Freiburg erleben<\/span><\/span><\/h2><div class=\"w-separator size_custom with_line width_default thick_2 style_solid color_primary align_center\" style=\"height:15px\"><div class=\"w-separator-h\"><\/div><\/div><div class=\"w-separator size_small\"><\/div><h3 class=\"w-text\"><span class=\"w-text-h\"><span class=\"w-text-value\">Ihr einzigartiges Freiburg-Erlebnis<\/span><\/span><\/h3><div class=\"wpb_text_column us_custom_d98eb4eb\"><div class=\"wpb_wrapper\"><p>Freiburg hat wirklich viel zu bieten! Ausflugs- und Veranstaltungstipps f\u00fcr Ihr unvergessliches Freiburg- Erlebnis finden Sie hier!<\/p>\n<\/div><\/div><div class=\"w-separator size_small\"><\/div><div class=\"w-btn-wrapper align_none\"><a class=\"w-btn us-btn-style_1 icon_atright\" target=\"_blank\" href=\"https:\/\/visit.freiburg.de\/freiburg-informieren\/tourist-information\"><span class=\"w-btn-label\">Erfahren Sie mehr<\/span><i class=\"fas fa-external-link-alt\"><\/i><\/a><\/div><\/div><\/div><\/div><div class=\"vc_col-sm-6 wpb_column vc_column_container\"><div class=\"vc_column-inner\"><div class=\"wpb_wrapper\"><\/div><\/div><\/div><\/div><\/div><\/div><\/div><\/div><\/div><\/section><section class=\"l-section wpb_row height_small\"><div class=\"l-section-overlay\" style=\"background:var(--color-header-middle-text-hover)\"><\/div><div class=\"l-section-h i-cf\"><div class=\"g-cols vc_row via_flex valign_top type_default stacking_default\"><div class=\"vc_col-sm-12 wpb_column vc_column_container\"><div class=\"vc_column-inner\"><div class=\"wpb_wrapper\"><div class=\"g-cols wpb_row button-at-end via_flex valign_top type_default stacking_default\"><div class=\"vc_col-sm-4 wpb_column vc_column_container\"><div class=\"vc_column-inner us_custom_d603acfa\"><div class=\"vc_column-overlay\" style=\"background:var(--color-header-middle-bg)\"><\/div><div class=\"wpb_wrapper\"><div class=\"w-image us_custom_68f1b585 has_ratio align_none\"><div class=\"w-image-h\"><div style=\"padding-bottom:56.25%\"><\/div><img decoding=\"async\" width=\"1024\" height=\"683\" src=\"https:\/\/www.hotel-zumschiff.de\/wp-content\/uploads\/2024\/07\/2024_Schiff_rooms_0495-1_done-1024x683.jpg\" class=\"attachment-large size-large\" alt=\"\" loading=\"lazy\" \/><\/div><\/div><div class=\"w-separator size_small\"><\/div><h4 class=\"w-text us_custom_eb849559\"><span class=\"w-text-h\"><span class=\"w-text-value\">Aktuelles<\/span><\/span><\/h4><div class=\"wpb_text_column us_custom_37d0561f\"><div class=\"wpb_wrapper\"><p style=\"font-weight: 400;\">Aktuelle Informationen rund um unser Haus finden Sie hier.<\/p>\n<\/div><\/div><div class=\"w-btn-wrapper align_none\"><a class=\"w-btn us-btn-style_3\" href=\"\/aktuelles\/\"><span class=\"w-btn-label\">MEHR ERFAHREN<\/span><\/a><\/div><\/div><\/div><\/div><div class=\"vc_col-sm-4 wpb_column vc_column_container\"><div class=\"vc_column-inner us_custom_d603acfa\"><div class=\"vc_column-overlay\" style=\"background:var(--color-header-middle-bg)\"><\/div><div class=\"wpb_wrapper\"><div class=\"w-image us_custom_68f1b585 has_ratio align_none\"><div class=\"w-image-h\"><div style=\"padding-bottom:56.25%\"><\/div><img decoding=\"async\" width=\"1024\" height=\"683\" src=\"https:\/\/www.hotel-zumschiff.de\/wp-content\/uploads\/2024\/06\/hotel-receptionist-work-1024x683.jpg\" class=\"attachment-large size-large\" alt=\"\" loading=\"lazy\" \/><\/div><\/div><div class=\"w-separator size_small\"><\/div><h4 class=\"w-text us_custom_eb849559\"><span class=\"w-text-h\"><span class=\"w-text-value\">Karriere<\/span><\/span><\/h4><div class=\"wpb_text_column us_custom_37d0561f\"><div class=\"wpb_wrapper\"><p style=\"font-weight: 400; text-align: center;\">Komm an Bord und werde Teil unserer Mannschaft!<\/p>\n<\/div><\/div><div class=\"w-btn-wrapper align_center\"><a class=\"w-btn us-btn-style_3\" href=\"\/karriere\/\"><span class=\"w-btn-label\">MEHR ERFAHREN<\/span><\/a><\/div><\/div><\/div><\/div><div class=\"vc_col-sm-4 wpb_column vc_column_container\"><div class=\"vc_column-inner us_custom_d603acfa\"><div class=\"vc_column-overlay\" style=\"background:var(--color-header-middle-bg)\"><\/div><div class=\"wpb_wrapper\"><div class=\"w-image us_custom_68f1b585 has_ratio align_none\"><div class=\"w-image-h\"><div style=\"padding-bottom:56.25%\"><\/div><img decoding=\"async\" width=\"1024\" height=\"683\" src=\"https:\/\/www.hotel-zumschiff.de\/wp-content\/uploads\/2024\/07\/2024_Schiff_rooms_0071_done-1024x683.jpg\" class=\"attachment-large size-large\" alt=\"\" loading=\"lazy\" \/><\/div><\/div><div class=\"w-separator size_small\"><\/div><h4 class=\"w-text us_custom_eb849559\"><span class=\"w-text-h\"><span class=\"w-text-value\">Wissenswertes von A-Z<\/span><\/span><\/h4><div class=\"wpb_text_column us_custom_37d0561f\"><div class=\"wpb_wrapper\"><p style=\"font-weight: 400; text-align: center;\">Sie haben Fragen rund um Ihren Aufenthalt? Hier liefern wir die Antworten.<\/p>\n<\/div><\/div><div class=\"w-btn-wrapper align_center\"><a class=\"w-btn us-btn-style_3\" href=\"\/wissenswertes\/\"><span class=\"w-btn-label\">MEHR ERFAHREN<\/span><\/a><\/div><\/div><\/div><\/div><\/div><div class=\"w-separator size_small\"><\/div><\/div><\/div><\/div><\/div><\/div><\/section>\n","protected":false},"excerpt":{"rendered":"Individualit&auml;t,Herzlich Willkommen im Hotel zum Schiff in Freiburg St. GeorgenEinzigartiges JuwelInnenstadtn\u00e4he und Weinbergblick. Gesch\u00e4ftsreise mit Urlaubsflair.Die Lage unseres Hauses in Freiburg St. Georgen ist etwas ganz Besonderes. Und das wissen wir sehr zu sch\u00e4tzen. Und unsere G\u00e4ste tun dies auch, egal ob Urlaubsgast, Gesch\u00e4ftsreisender, Tagungsteilnehmer oder Restaurantbesucher. Das wunderbare Lebensgef\u00fchl der Schwarzwaldmetropole Freiburg hat im...","protected":false},"author":1,"featured_media":0,"parent":0,"menu_order":0,"comment_status":"closed","ping_status":"closed","template":"","meta":{"footnotes":""},"class_list":["post-8697","page","type-page","status-publish","hentry"],"yoast_head":"<!-- This site is optimized with the Yoast SEO plugin v26.8 - https:\/\/yoast.com\/product\/yoast-seo-wordpress\/ -->\n<title>Hotel &#8211; Hotel zum Schiff in Freiburg-St. Georgen<\/title>\n<meta name=\"robots\" content=\"index, follow, max-snippet:-1, max-image-preview:large, max-video-preview:-1\" \/>\n<link rel=\"canonical\" href=\"https:\/\/www.hotel-zumschiff.de\/de\/hotel\/\" \/>\n<meta property=\"og:locale\" content=\"de_DE\" \/>\n<meta property=\"og:type\" content=\"article\" \/>\n<meta property=\"og:title\" content=\"Hotel &#8211; Hotel zum Schiff in Freiburg-St. Georgen\" \/>\n<meta property=\"og:url\" content=\"https:\/\/www.hotel-zumschiff.de\/de\/hotel\/\" \/>\n<meta property=\"og:site_name\" content=\"Hotel zum Schiff in Freiburg-St. Georgen\" \/>\n<meta property=\"article:modified_time\" content=\"2024-07-29T18:49:58+00:00\" \/>\n<meta property=\"og:image\" content=\"https:\/\/www.hotel-zumschiff.de\/wp-content\/uploads\/2024\/07\/2024_schiff_02_0134_done-min-scaled.jpg\" \/>\n\t<meta property=\"og:image:width\" content=\"2560\" \/>\n\t<meta property=\"og:image:height\" content=\"1707\" \/>\n\t<meta property=\"og:image:type\" content=\"image\/jpeg\" \/>\n<meta name=\"twitter:card\" content=\"summary_large_image\" \/>\n<meta name=\"twitter:label1\" content=\"Gesch\u00e4tzte Lesezeit\" \/>\n\t<meta name=\"twitter:data1\" content=\"3\u00a0Minuten\" \/>\n<script type=\"application\/ld+json\" class=\"yoast-schema-graph\">{\"@context\":\"https:\/\/schema.org\",\"@graph\":[{\"@type\":\"WebPage\",\"@id\":\"https:\/\/www.hotel-zumschiff.de\/de\/hotel\/\",\"url\":\"https:\/\/www.hotel-zumschiff.de\/de\/hotel\/\",\"name\":\"Hotel &#8211; Hotel zum Schiff in Freiburg-St. Georgen\",\"isPartOf\":{\"@id\":\"https:\/\/www.hotel-zumschiff.de\/de\/#website\"},\"datePublished\":\"2024-06-03T06:25:36+00:00\",\"dateModified\":\"2024-07-29T18:49:58+00:00\",\"breadcrumb\":{\"@id\":\"https:\/\/www.hotel-zumschiff.de\/de\/hotel\/#breadcrumb\"},\"inLanguage\":\"de\",\"potentialAction\":[{\"@type\":\"ReadAction\",\"target\":[\"https:\/\/www.hotel-zumschiff.de\/de\/hotel\/\"]}]},{\"@type\":\"BreadcrumbList\",\"@id\":\"https:\/\/www.hotel-zumschiff.de\/de\/hotel\/#breadcrumb\",\"itemListElement\":[{\"@type\":\"ListItem\",\"position\":1,\"name\":\"Startseite\",\"item\":\"https:\/\/www.hotel-zumschiff.de\/de\/\"},{\"@type\":\"ListItem\",\"position\":2,\"name\":\"Hotel\"}]},{\"@type\":\"WebSite\",\"@id\":\"https:\/\/www.hotel-zumschiff.de\/de\/#website\",\"url\":\"https:\/\/www.hotel-zumschiff.de\/de\/\",\"name\":\"Hotel zum Schiff in Freiburg-St. Georgen\",\"description\":\"Badische Gastfreundschaft mit langer Tradition\",\"publisher\":{\"@id\":\"https:\/\/www.hotel-zumschiff.de\/de\/#organization\"},\"alternateName\":\"Hotel zum Schiff\",\"potentialAction\":[{\"@type\":\"SearchAction\",\"target\":{\"@type\":\"EntryPoint\",\"urlTemplate\":\"https:\/\/www.hotel-zumschiff.de\/de\/?s={search_term_string}\"},\"query-input\":{\"@type\":\"PropertyValueSpecification\",\"valueRequired\":true,\"valueName\":\"search_term_string\"}}],\"inLanguage\":\"de\"},{\"@type\":\"Organization\",\"@id\":\"https:\/\/www.hotel-zumschiff.de\/de\/#organization\",\"name\":\"Hotel zum Schiff in Freiburg-St. Georgen\",\"alternateName\":\"Hotel zum Schiff\",\"url\":\"https:\/\/www.hotel-zumschiff.de\/de\/\",\"logo\":{\"@type\":\"ImageObject\",\"inLanguage\":\"de\",\"@id\":\"https:\/\/www.hotel-zumschiff.de\/de\/#\/schema\/logo\/image\/\",\"url\":\"https:\/\/www.hotel-zumschiff.de\/wp-content\/uploads\/2024\/05\/HZS_Logo2.svg\",\"contentUrl\":\"https:\/\/www.hotel-zumschiff.de\/wp-content\/uploads\/2024\/05\/HZS_Logo2.svg\",\"width\":\"1024\",\"height\":\"1024\",\"caption\":\"Hotel zum Schiff in Freiburg-St. Georgen\"},\"image\":{\"@id\":\"https:\/\/www.hotel-zumschiff.de\/de\/#\/schema\/logo\/image\/\"}}]}<\/script>\n<!-- \/ Yoast SEO plugin. -->","yoast_head_json":{"title":"Hotel &#8211; Hotel zum Schiff in Freiburg-St. Georgen","robots":{"index":"index","follow":"follow","max-snippet":"max-snippet:-1","max-image-preview":"max-image-preview:large","max-video-preview":"max-video-preview:-1"},"canonical":"https:\/\/www.hotel-zumschiff.de\/de\/hotel\/","og_locale":"de_DE","og_type":"article","og_title":"Hotel &#8211; Hotel zum Schiff in Freiburg-St. Georgen","og_url":"https:\/\/www.hotel-zumschiff.de\/de\/hotel\/","og_site_name":"Hotel zum Schiff in Freiburg-St. Georgen","article_modified_time":"2024-07-29T18:49:58+00:00","og_image":[{"width":2560,"height":1707,"url":"https:\/\/www.hotel-zumschiff.de\/wp-content\/uploads\/2024\/07\/2024_schiff_02_0134_done-min-scaled.jpg","type":"image\/jpeg"}],"twitter_card":"summary_large_image","twitter_misc":{"Gesch\u00e4tzte Lesezeit":"3\u00a0Minuten"},"schema":{"@context":"https:\/\/schema.org","@graph":[{"@type":"WebPage","@id":"https:\/\/www.hotel-zumschiff.de\/de\/hotel\/","url":"https:\/\/www.hotel-zumschiff.de\/de\/hotel\/","name":"Hotel &#8211; Hotel zum Schiff in Freiburg-St. Georgen","isPartOf":{"@id":"https:\/\/www.hotel-zumschiff.de\/de\/#website"},"datePublished":"2024-06-03T06:25:36+00:00","dateModified":"2024-07-29T18:49:58+00:00","breadcrumb":{"@id":"https:\/\/www.hotel-zumschiff.de\/de\/hotel\/#breadcrumb"},"inLanguage":"de","potentialAction":[{"@type":"ReadAction","target":["https:\/\/www.hotel-zumschiff.de\/de\/hotel\/"]}]},{"@type":"BreadcrumbList","@id":"https:\/\/www.hotel-zumschiff.de\/de\/hotel\/#breadcrumb","itemListElement":[{"@type":"ListItem","position":1,"name":"Startseite","item":"https:\/\/www.hotel-zumschiff.de\/de\/"},{"@type":"ListItem","position":2,"name":"Hotel"}]},{"@type":"WebSite","@id":"https:\/\/www.hotel-zumschiff.de\/de\/#website","url":"https:\/\/www.hotel-zumschiff.de\/de\/","name":"Hotel zum Schiff in Freiburg-St. Georgen","description":"Badische Gastfreundschaft mit langer Tradition","publisher":{"@id":"https:\/\/www.hotel-zumschiff.de\/de\/#organization"},"alternateName":"Hotel zum Schiff","potentialAction":[{"@type":"SearchAction","target":{"@type":"EntryPoint","urlTemplate":"https:\/\/www.hotel-zumschiff.de\/de\/?s={search_term_string}"},"query-input":{"@type":"PropertyValueSpecification","valueRequired":true,"valueName":"search_term_string"}}],"inLanguage":"de"},{"@type":"Organization","@id":"https:\/\/www.hotel-zumschiff.de\/de\/#organization","name":"Hotel zum Schiff in Freiburg-St. Georgen","alternateName":"Hotel zum Schiff","url":"https:\/\/www.hotel-zumschiff.de\/de\/","logo":{"@type":"ImageObject","inLanguage":"de","@id":"https:\/\/www.hotel-zumschiff.de\/de\/#\/schema\/logo\/image\/","url":"https:\/\/www.hotel-zumschiff.de\/wp-content\/uploads\/2024\/05\/HZS_Logo2.svg","contentUrl":"https:\/\/www.hotel-zumschiff.de\/wp-content\/uploads\/2024\/05\/HZS_Logo2.svg","width":"1024","height":"1024","caption":"Hotel zum Schiff in Freiburg-St. Georgen"},"image":{"@id":"https:\/\/www.hotel-zumschiff.de\/de\/#\/schema\/logo\/image\/"}}]}},"_links":{"self":[{"href":"https:\/\/www.hotel-zumschiff.de\/de\/wp-json\/wp\/v2\/pages\/8697","targetHints":{"allow":["GET"]}}],"collection":[{"href":"https:\/\/www.hotel-zumschiff.de\/de\/wp-json\/wp\/v2\/pages"}],"about":[{"href":"https:\/\/www.hotel-zumschiff.de\/de\/wp-json\/wp\/v2\/types\/page"}],"author":[{"embeddable":true,"href":"https:\/\/www.hotel-zumschiff.de\/de\/wp-json\/wp\/v2\/users\/1"}],"replies":[{"embeddable":true,"href":"https:\/\/www.hotel-zumschiff.de\/de\/wp-json\/wp\/v2\/comments?post=8697"}],"version-history":[{"count":10,"href":"https:\/\/www.hotel-zumschiff.de\/de\/wp-json\/wp\/v2\/pages\/8697\/revisions"}],"predecessor-version":[{"id":10182,"href":"https:\/\/www.hotel-zumschiff.de\/de\/wp-json\/wp\/v2\/pages\/8697\/revisions\/10182"}],"wp:attachment":[{"href":"https:\/\/www.hotel-zumschiff.de\/de\/wp-json\/wp\/v2\/media?parent=8697"}],"curies":[{"name":"wp","href":"https:\/\/api.w.org\/{rel}","templated":true}]}}