{"id":8971,"date":"2024-07-16T14:53:52","date_gmt":"2024-07-16T12:53:52","guid":{"rendered":"https:\/\/wordpress.hotel-zumschiff.de\/?page_id=8971"},"modified":"2024-09-04T12:52:42","modified_gmt":"2024-09-04T10:52:42","slug":"feiern-events","status":"publish","type":"page","link":"https:\/\/www.hotel-zumschiff.de\/de\/feiern-events\/","title":{"rendered":"Feiern &#038; Events"},"content":{"rendered":"<section class=\"l-section wpb_row us_custom_21114ce5 hero-slider-content-pages height_auto full_height valign_center parallax_fixed with_slider\"><div class=\"l-section-slider\"><div class=\"w-slider style_none fit_cover nav_none count_3\"><div class=\"w-slider-h\" aria-hidden=\"true\"><div class=\"royalSlider\"><div class=\"rsContent\"><a class=\"rsImg\" data-rsw=\"2560\" data-rsh=\"1708\" href=\"https:\/\/www.hotel-zumschiff.de\/wp-content\/uploads\/2024\/07\/2024_Schiff_rooms_0161-1_done_verkleinert-scaled.jpg\"><span data-alt=\"\"><\/span><\/a><\/div><div class=\"rsContent\"><a class=\"rsImg\" data-rsw=\"2560\" data-rsh=\"1708\" href=\"https:\/\/www.hotel-zumschiff.de\/wp-content\/uploads\/2024\/07\/2024_Schiff_rooms_0178-1_done-verkleinert-scaled.jpg\"><span data-alt=\"\"><\/span><\/a><\/div><div class=\"rsContent\"><a class=\"rsImg\" data-rsw=\"2560\" data-rsh=\"1708\" href=\"https:\/\/www.hotel-zumschiff.de\/wp-content\/uploads\/2024\/07\/2024_Schiff_rooms_0129-1_done_verkleinert-scaled.jpg\"><span data-alt=\"\"><\/span><\/a><\/div><\/div><img decoding=\"async\" src=\"https:\/\/www.hotel-zumschiff.de\/wp-content\/uploads\/2024\/07\/2024_Schiff_rooms_0161-1_done_verkleinert-scaled.jpg\" width=\"2560\" height=\"1708\" alt loading=\"lazy\"><\/div><div class=\"w-slider-json\" onclick='return {&quot;autoScaleSlider&quot;:true,&quot;addActiveClass&quot;:true,&quot;loop&quot;:true,&quot;fadeInLoadedSlide&quot;:false,&quot;slidesSpacing&quot;:0,&quot;imageScalePadding&quot;:0,&quot;numImagesToPreload&quot;:2,&quot;arrowsNav&quot;:false,&quot;arrowsNavAutoHide&quot;:false,&quot;transitionType&quot;:&quot;fade&quot;,&quot;transitionSpeed&quot;:1000,&quot;block&quot;:{&quot;moveEffect&quot;:&quot;none&quot;,&quot;speed&quot;:300},&quot;thumbs&quot;:{&quot;fitInViewport&quot;:false,&quot;firstMargin&quot;:false,&quot;spacing&quot;:4},&quot;controlNavigation&quot;:&quot;none&quot;,&quot;autoplay&quot;:{&quot;enabled&quot;:true,&quot;pauseOnHover&quot;:false,&quot;delay&quot;:3000},&quot;autoScaleSliderWidth&quot;:2560,&quot;autoScaleSliderHeight&quot;:1708}'><\/div><\/div><\/div><div class=\"l-section-overlay\" style=\"background:var(--color-header-top-transparent-bg)\"><\/div><div class=\"l-section-h i-cf\"><div class=\"g-cols vc_row via_flex valign_middle type_default stacking_default\"><div class=\"vc_col-sm-12 wpb_column vc_column_container\"><div class=\"vc_column-inner\"><div class=\"wpb_wrapper\"><div class=\"w-separator size_small\"><\/div><h1 class=\"w-itext us_custom_8b3d6790 has_text_color hide_on_mobiles type_zoomIn align_center\" onclick='return {&quot;duration&quot;:400,&quot;delay&quot;:3000,&quot;disablePartAnimation&quot;:false,&quot;html_nbsp_char&quot;:false}'><span class=\"w-itext-part changesat_0 changesat_1 changesat_2 dynamic\" onclick='return [&quot;Tagungen,&quot;,&quot;Veranstaltungen,&quot;,&quot;Feiern&quot;]'><span>Tagungen,<\/span><\/span><\/h1><h1 class=\"w-itext us_custom_8b3d6790 has_text_color hide_on_default hide_on_laptops hide_on_tablets type_zoomIn align_center\" onclick='return {&quot;duration&quot;:400,&quot;delay&quot;:3000,&quot;disablePartAnimation&quot;:false,&quot;html_nbsp_char&quot;:false}'><span class=\"w-itext-part changesat_0 changesat_1 changesat_2 dynamic\" onclick='return [&quot;Tagungen,&quot;,&quot;Veran\\u00adstaltungen,&quot;,&quot;Feiern&quot;]'><span>Tagungen,<\/span><\/span><\/h1><div class=\"w-separator size_small\"><\/div><div class=\"w-text us_custom_cb96e69e has_text_color\"><span class=\"w-text-h\"><span class=\"w-text-value\">Genie\u00dfen Sie unvergessliche Momente in festlichem Ambiente!<\/span><\/span><\/div><\/div><\/div><\/div><\/div><\/div><\/section><section class=\"l-section wpb_row height_large\"><div class=\"l-section-h i-cf\"><div class=\"g-cols vc_row via_flex valign_middle type_default stacking_default\"><div class=\"vc_col-sm-12 wpb_column vc_column_container\"><div class=\"vc_column-inner\"><div class=\"wpb_wrapper\"><div class=\"g-cols wpb_row via_flex valign_middle type_default stacking_default\"><div class=\"vc_col-sm-6 wpb_column vc_column_container\"><div class=\"vc_column-inner us_custom_ba8e023c\"><div class=\"wpb_wrapper\"><div class=\"w-image us_custom_41db1529 align_none\"><div class=\"w-image-h\"><img decoding=\"async\" src=\"https:\/\/www.hotel-zumschiff.de\/wp-content\/uploads\/2024\/05\/shiff_pic_big.svg\" class=\"attachment-full size-full\" alt=\"\" loading=\"lazy\" \/><\/div><\/div><div class=\"w-separator size_small\"><\/div><h2 class=\"w-text\"><span class=\"w-text-h\"><span class=\"w-text-value\">Feiern in badischer Atmosph\u00e4re<\/span><\/span><\/h2><div class=\"w-separator size_custom with_line width_default thick_2 style_solid color_primary align_center\" style=\"height:15px\"><div class=\"w-separator-h\"><\/div><\/div><div class=\"w-separator size_small\"><\/div><h3 class=\"w-text\"><span class=\"w-text-h\"><span class=\"w-text-value\">Ihr Gastgeber f\u00fcr Feierlichkeiten aller Art<\/span><\/span><\/h3><div class=\"wpb_text_column us_custom_1e0e9307\"><div class=\"wpb_wrapper\"><p>Es ist uns immer wieder aufs Neue eine Freude, Gastgeber f\u00fcr Feierlichkeiten aller Art sein zu d\u00fcrfen. Unsere Veranstaltungsr\u00e4ume bieten Platz f\u00fcr 10-114 Personen.<\/p>\n<p>Verschiedenste Varianten der Bestuhlung und Raumtrennung sind m\u00f6glich und ein individuell abgestimmtes Men\u00fc mit der passenden Weinbegleitung machen Ihre Feier zu einem unvergesslichen Erlebnis.<\/p>\n<\/div><\/div><div class=\"w-btn-wrapper align_none\"><a class=\"w-btn us-btn-style_1\" href=\"\/kontakt\/\"><span class=\"w-btn-label\">JETZT ANFRAGEN!<\/span><\/a><\/div><\/div><\/div><\/div><div class=\"vc_col-sm-6 wpb_column vc_column_container has_bg_color stretched\"><div class=\"vc_column-inner us_custom_f2573e38\"><div class=\"wpb_wrapper\"><\/div><\/div><\/div><\/div><\/div><\/div><\/div><\/div><\/div><\/section><section class=\"l-section wpb_row height_large color_alternate\"><div class=\"l-section-h i-cf\"><div class=\"g-cols vc_row via_flex valign_top type_default stacking_default\"><div class=\"vc_col-sm-12 wpb_column vc_column_container\"><div class=\"vc_column-inner\"><div class=\"wpb_wrapper\"><div class=\"wpb_text_column\"><div class=\"wpb_wrapper\"><h2 style=\"text-align: center;\">Unsere Bankettr\u00e4ume<\/h2>\n<\/div><\/div><div class=\"wpb_text_column\"><div class=\"wpb_wrapper\"><p style=\"text-align: center;\">Hier finden Sie eine erste \u00dcbersicht zu den Bankettr\u00e4umen unseres Hauses, gern beraten wir Sie individuell.<\/p>\n<\/div><\/div><div class=\"w-separator size_medium\"><\/div><div class=\"g-cols wpb_row button-at-end via_flex valign_top type_default stacking_default\"><div class=\"vc_col-sm-4 vc_col-lg-4 vc_col-md-6 vc_col-xs-12 wpb_column vc_column_container has_bg_color\"><div class=\"vc_column-inner us_custom_08602085\"><div class=\"wpb_wrapper\"><div class=\"w-image us_custom_68f1b585 has_ratio align_none\"><div class=\"w-image-h\"><div style=\"padding-bottom:56.25%\"><\/div><img decoding=\"async\" width=\"1024\" height=\"683\" src=\"https:\/\/www.hotel-zumschiff.de\/wp-content\/uploads\/2024\/07\/2024_Schiff_rooms_0161-1_done_verkleinert-1024x683.jpg\" class=\"attachment-large size-large\" alt=\"\" loading=\"lazy\" \/><\/div><\/div><div class=\"w-separator size_small\"><\/div><div class=\"wpb_text_column\"><div class=\"wpb_wrapper\"><h4>BANKETT<br \/>\nFREIBURG<\/h4>\n<\/div><\/div><div class=\"w-separator size_custom with_line width_default thick_1 style_solid color_primary align_center\" style=\"height:15px\"><div class=\"w-separator-h\"><\/div><\/div><div class=\"wpb_text_column\"><div class=\"wpb_wrapper\"><p>Bestuhlung<br \/>\n66 Personen<\/p>\n<p>Gr\u00f6\u00dfe<br \/>\nFl\u00e4che: 99 m\u00b2<br \/>\nRaumh\u00f6he: 3 m<\/p>\n<\/div><\/div><div class=\"w-btn-wrapper align_center\"><a class=\"w-btn us-btn-style_3\" target=\"_blank\" href=\"\/wp-content\/uploads\/2024\/07\/Bankett_freiburg.pdf\"><span class=\"w-btn-label\">Datenblatt<\/span><\/a><\/div><\/div><\/div><\/div><div class=\"vc_col-sm-4 vc_col-lg-4 vc_col-md-6 vc_col-xs-12 wpb_column vc_column_container has_bg_color\"><div class=\"vc_column-inner us_custom_08602085\"><div class=\"wpb_wrapper\"><div class=\"w-image us_custom_68f1b585 has_ratio align_none\"><div class=\"w-image-h\"><div style=\"padding-bottom:56.25%\"><\/div><img decoding=\"async\" width=\"1024\" height=\"683\" src=\"https:\/\/www.hotel-zumschiff.de\/wp-content\/uploads\/2024\/07\/2024_Schiff_rooms_0178-1_done-verkleinert-1024x683.jpg\" class=\"attachment-large size-large\" alt=\"\" loading=\"lazy\" \/><\/div><\/div><div class=\"w-separator size_small\"><\/div><div class=\"wpb_text_column\"><div class=\"wpb_wrapper\"><h4>BANKETT<br \/>\nFELDBERG<\/h4>\n<\/div><\/div><div class=\"w-separator size_custom with_line width_default thick_1 style_solid color_primary align_center\" style=\"height:15px\"><div class=\"w-separator-h\"><\/div><\/div><div class=\"wpb_text_column\"><div class=\"wpb_wrapper\"><p style=\"text-align: center;\">Bestuhlung<br \/>\n44 Personen<\/p>\n<p style=\"text-align: center;\">Gr\u00f6\u00dfe<br \/>\nFl\u00e4che 68 m\u00b2<br \/>\nRaumh\u00f6he 2,5 m<\/p>\n<\/div><\/div><div class=\"w-btn-wrapper align_center\"><a class=\"w-btn us-btn-style_3\" target=\"_blank\" href=\"\/wp-content\/uploads\/2024\/07\/Bankett_feldberg.pdf\"><span class=\"w-btn-label\">Datenblatt<\/span><\/a><\/div><\/div><\/div><\/div><div class=\"vc_col-sm-4 vc_col-lg-4 vc_col-md-6 vc_col-xs-12 wpb_column vc_column_container has_bg_color\"><div class=\"vc_column-inner us_custom_08602085\"><div class=\"wpb_wrapper\"><div class=\"w-image us_custom_68f1b585 has_ratio align_none\"><div class=\"w-image-h\"><div style=\"padding-bottom:56.25%\"><\/div><img decoding=\"async\" width=\"1024\" height=\"683\" src=\"https:\/\/www.hotel-zumschiff.de\/wp-content\/uploads\/2024\/07\/2024_Schiff_rooms_0129-1_done_verkleinert-1024x683.jpg\" class=\"attachment-large size-large\" alt=\"\" loading=\"lazy\" \/><\/div><\/div><div class=\"w-separator size_small\"><\/div><h4 class=\"w-text us_custom_eb849559\"><span class=\"w-text-h\"><span class=\"w-text-value\">BANKETT FREIBURG + FELDBERG<\/span><\/span><\/h4><div class=\"w-separator size_custom with_line width_default thick_1 style_solid color_primary align_center\" style=\"height:15px\"><div class=\"w-separator-h\"><\/div><\/div><div class=\"wpb_text_column\"><div class=\"wpb_wrapper\"><p style=\"text-align: center;\">Bestuhlung<br \/>\nJe nach Bestuhlung 114 bzw. 80 Personen<\/p>\n<p style=\"text-align: center;\">Gr\u00f6\u00dfe<br \/>\nFl\u00e4che: 168 m\u00b2<br \/>\nRaumh\u00f6he: 3 m<\/p>\n<\/div><\/div><div class=\"w-btn-wrapper align_center\"><a class=\"w-btn us-btn-style_3\" target=\"_blank\" href=\"\/wp-content\/uploads\/2024\/07\/Bankett_freiburg_feldberg.pdf\"><span class=\"w-btn-label\">Datenblatt<\/span><\/a><\/div><\/div><\/div><\/div><div class=\"vc_col-sm-4 vc_col-lg-4 vc_col-md-6 vc_col-xs-12 wpb_column vc_column_container has_bg_color\"><div class=\"vc_column-inner us_custom_08602085\"><div class=\"wpb_wrapper\"><div class=\"w-image us_custom_68f1b585 has_ratio align_none\"><div class=\"w-image-h\"><div style=\"padding-bottom:56.25%\"><\/div><img decoding=\"async\" width=\"1024\" height=\"683\" src=\"https:\/\/www.hotel-zumschiff.de\/wp-content\/uploads\/2024\/07\/2024_Schiff_rooms_0260-1_done-verkleinert-1024x683.jpg\" class=\"attachment-large size-large\" alt=\"\" loading=\"lazy\" \/><\/div><\/div><div class=\"w-separator size_small\"><\/div><div class=\"wpb_text_column\"><div class=\"wpb_wrapper\"><h4>BANKETT<br \/>\nLorettoberg<\/h4>\n<\/div><\/div><div class=\"w-separator size_custom with_line width_default thick_1 style_solid color_primary align_center\" style=\"height:15px\"><div class=\"w-separator-h\"><\/div><\/div><div class=\"wpb_text_column\"><div class=\"wpb_wrapper\"><p>Bestuhlung<br \/>\nJe nach Bestuhlung 56 bzw. 42 Personen<\/p>\n<p>Gr\u00f6\u00dfe<br \/>\nFl\u00e4che: 87 m\u00b2<br \/>\nRaumh\u00f6he: 2,95 m<\/p>\n<\/div><\/div><div class=\"w-btn-wrapper align_center\"><a class=\"w-btn us-btn-style_3\" target=\"_blank\" href=\"\/wp-content\/uploads\/2024\/07\/Bankett_lorettoberg.pdf\"><span class=\"w-btn-label\">Datenblatt<\/span><\/a><\/div><\/div><\/div><\/div><div class=\"vc_col-sm-4 vc_col-lg-4 vc_col-md-6 vc_col-xs-12 wpb_column vc_column_container has_bg_color\"><div class=\"vc_column-inner us_custom_08602085\"><div class=\"wpb_wrapper\"><div class=\"w-image us_custom_68f1b585 has_ratio align_none\"><div class=\"w-image-h\"><div style=\"padding-bottom:56.25%\"><\/div><img decoding=\"async\" width=\"1024\" height=\"683\" src=\"https:\/\/www.hotel-zumschiff.de\/wp-content\/uploads\/2024\/07\/2024_schiff_02_0259_done-1024x683.jpg\" class=\"attachment-large size-large\" alt=\"\" loading=\"lazy\" \/><\/div><\/div><div class=\"w-separator size_small\"><\/div><div class=\"wpb_text_column\"><div class=\"wpb_wrapper\"><h4>BANKETT<br \/>\nSCH\u00d6NBERG<\/h4>\n<\/div><\/div><div class=\"w-separator size_custom with_line width_default thick_1 style_solid color_primary align_center\" style=\"height:15px\"><div class=\"w-separator-h\"><\/div><\/div><div class=\"wpb_text_column\"><div class=\"wpb_wrapper\"><p style=\"text-align: center;\">Bestuhlung<br \/>\n48 Personen<\/p>\n<p style=\"text-align: center;\">Gr\u00f6\u00dfe<br \/>\nFl\u00e4che 48 m\u00b2<br \/>\nRaumh\u00f6he 2,5 m<\/p>\n<\/div><\/div><div class=\"w-btn-wrapper align_center\"><a class=\"w-btn us-btn-style_3\" target=\"_blank\" href=\"\/wp-content\/uploads\/2024\/07\/Bankett_schoenberg.pdf\"><span class=\"w-btn-label\">Datenblatt<\/span><\/a><\/div><\/div><\/div><\/div><div class=\"vc_col-sm-4 vc_col-lg-4 vc_col-md-6 vc_col-xs-12 wpb_column vc_column_container has_bg_color\"><div class=\"vc_column-inner us_custom_08602085\"><div class=\"wpb_wrapper\"><div class=\"w-image us_custom_68f1b585 has_ratio align_none\"><div class=\"w-image-h\"><div style=\"padding-bottom:56.25%\"><\/div><img decoding=\"async\" width=\"1024\" height=\"683\" src=\"https:\/\/www.hotel-zumschiff.de\/wp-content\/uploads\/2024\/07\/2024_Schiff_rooms_0200-1_done-min-2-1024x683.jpg\" class=\"attachment-large size-large\" alt=\"\" loading=\"lazy\" \/><\/div><\/div><div class=\"w-separator size_small\"><\/div><div class=\"wpb_text_column\"><div class=\"wpb_wrapper\"><h4>BANKETT<br \/>\nTUNIBERG<\/h4>\n<\/div><\/div><div class=\"w-separator size_custom with_line width_default thick_1 style_solid color_primary align_center\" style=\"height:15px\"><div class=\"w-separator-h\"><\/div><\/div><div class=\"wpb_text_column\"><div class=\"wpb_wrapper\"><p>Bestuhlung<br \/>\n35 Personen<\/p>\n<p>Gr\u00f6\u00dfe<br \/>\nFl\u00e4che: 29 m\u00b2<br \/>\nRaumh\u00f6he: 2,5 m<\/p>\n<\/div><\/div><div class=\"w-btn-wrapper align_center\"><a class=\"w-btn us-btn-style_3\" target=\"_blank\" href=\"\/wp-content\/uploads\/2024\/07\/Bankett_tuniberg.pdf\"><span class=\"w-btn-label\">Datenblatt<\/span><\/a><\/div><\/div><\/div><\/div><\/div><\/div><\/div><\/div><\/div><\/div><\/section>\n","protected":false},"excerpt":{"rendered":"Tagungen,Tagungen,Genie\u00dfen Sie unvergessliche Momente in festlichem Ambiente!Feiern in badischer Atmosph\u00e4reIhr Gastgeber f\u00fcr Feierlichkeiten aller ArtEs ist uns immer wieder aufs Neue eine Freude, Gastgeber f\u00fcr Feierlichkeiten aller Art sein zu d\u00fcrfen. Unsere Veranstaltungsr\u00e4ume bieten Platz f\u00fcr 10-114 Personen. Verschiedenste Varianten der Bestuhlung und Raumtrennung sind m\u00f6glich und ein individuell abgestimmtes Men\u00fc mit der passenden Weinbegleitung...","protected":false},"author":1,"featured_media":0,"parent":0,"menu_order":0,"comment_status":"closed","ping_status":"closed","template":"","meta":{"footnotes":""},"class_list":["post-8971","page","type-page","status-publish","hentry"],"yoast_head":"<!-- This site is optimized with the Yoast SEO plugin v26.8 - https:\/\/yoast.com\/product\/yoast-seo-wordpress\/ -->\n<title>Feiern &amp; Events &#8211; Hotel zum Schiff in Freiburg-St. Georgen<\/title>\n<meta name=\"robots\" content=\"index, follow, max-snippet:-1, max-image-preview:large, max-video-preview:-1\" \/>\n<link rel=\"canonical\" href=\"https:\/\/www.hotel-zumschiff.de\/de\/feiern-events\/\" \/>\n<meta property=\"og:locale\" content=\"de_DE\" \/>\n<meta property=\"og:type\" content=\"article\" \/>\n<meta property=\"og:title\" content=\"Feiern &amp; Events &#8211; Hotel zum Schiff in Freiburg-St. Georgen\" \/>\n<meta property=\"og:url\" content=\"https:\/\/www.hotel-zumschiff.de\/de\/feiern-events\/\" \/>\n<meta property=\"og:site_name\" content=\"Hotel zum Schiff in Freiburg-St. Georgen\" \/>\n<meta property=\"article:modified_time\" content=\"2024-09-04T10:52:42+00:00\" \/>\n<meta property=\"og:image\" content=\"https:\/\/www.hotel-zumschiff.de\/wp-content\/uploads\/2024\/07\/2024_schiff_02_0134_done-min-scaled.jpg\" \/>\n\t<meta property=\"og:image:width\" content=\"2560\" \/>\n\t<meta property=\"og:image:height\" content=\"1707\" \/>\n\t<meta property=\"og:image:type\" content=\"image\/jpeg\" \/>\n<meta name=\"twitter:card\" content=\"summary_large_image\" \/>\n<meta name=\"twitter:label1\" content=\"Gesch\u00e4tzte Lesezeit\" \/>\n\t<meta name=\"twitter:data1\" content=\"3\u00a0Minuten\" \/>\n<script type=\"application\/ld+json\" class=\"yoast-schema-graph\">{\"@context\":\"https:\/\/schema.org\",\"@graph\":[{\"@type\":\"WebPage\",\"@id\":\"https:\/\/www.hotel-zumschiff.de\/de\/feiern-events\/\",\"url\":\"https:\/\/www.hotel-zumschiff.de\/de\/feiern-events\/\",\"name\":\"Feiern & Events &#8211; Hotel zum Schiff in Freiburg-St. Georgen\",\"isPartOf\":{\"@id\":\"https:\/\/www.hotel-zumschiff.de\/de\/#website\"},\"datePublished\":\"2024-07-16T12:53:52+00:00\",\"dateModified\":\"2024-09-04T10:52:42+00:00\",\"breadcrumb\":{\"@id\":\"https:\/\/www.hotel-zumschiff.de\/de\/feiern-events\/#breadcrumb\"},\"inLanguage\":\"de\",\"potentialAction\":[{\"@type\":\"ReadAction\",\"target\":[\"https:\/\/www.hotel-zumschiff.de\/de\/feiern-events\/\"]}]},{\"@type\":\"BreadcrumbList\",\"@id\":\"https:\/\/www.hotel-zumschiff.de\/de\/feiern-events\/#breadcrumb\",\"itemListElement\":[{\"@type\":\"ListItem\",\"position\":1,\"name\":\"Startseite\",\"item\":\"https:\/\/www.hotel-zumschiff.de\/de\/\"},{\"@type\":\"ListItem\",\"position\":2,\"name\":\"Feiern &#038; Events\"}]},{\"@type\":\"WebSite\",\"@id\":\"https:\/\/www.hotel-zumschiff.de\/de\/#website\",\"url\":\"https:\/\/www.hotel-zumschiff.de\/de\/\",\"name\":\"Hotel zum Schiff in Freiburg-St. Georgen\",\"description\":\"Badische Gastfreundschaft mit langer Tradition\",\"publisher\":{\"@id\":\"https:\/\/www.hotel-zumschiff.de\/de\/#organization\"},\"alternateName\":\"Hotel zum Schiff\",\"potentialAction\":[{\"@type\":\"SearchAction\",\"target\":{\"@type\":\"EntryPoint\",\"urlTemplate\":\"https:\/\/www.hotel-zumschiff.de\/de\/?s={search_term_string}\"},\"query-input\":{\"@type\":\"PropertyValueSpecification\",\"valueRequired\":true,\"valueName\":\"search_term_string\"}}],\"inLanguage\":\"de\"},{\"@type\":\"Organization\",\"@id\":\"https:\/\/www.hotel-zumschiff.de\/de\/#organization\",\"name\":\"Hotel zum Schiff in Freiburg-St. Georgen\",\"alternateName\":\"Hotel zum Schiff\",\"url\":\"https:\/\/www.hotel-zumschiff.de\/de\/\",\"logo\":{\"@type\":\"ImageObject\",\"inLanguage\":\"de\",\"@id\":\"https:\/\/www.hotel-zumschiff.de\/de\/#\/schema\/logo\/image\/\",\"url\":\"https:\/\/www.hotel-zumschiff.de\/wp-content\/uploads\/2024\/05\/HZS_Logo2.svg\",\"contentUrl\":\"https:\/\/www.hotel-zumschiff.de\/wp-content\/uploads\/2024\/05\/HZS_Logo2.svg\",\"width\":\"1024\",\"height\":\"1024\",\"caption\":\"Hotel zum Schiff in Freiburg-St. Georgen\"},\"image\":{\"@id\":\"https:\/\/www.hotel-zumschiff.de\/de\/#\/schema\/logo\/image\/\"}}]}<\/script>\n<!-- \/ Yoast SEO plugin. -->","yoast_head_json":{"title":"Feiern & Events &#8211; Hotel zum Schiff in Freiburg-St. Georgen","robots":{"index":"index","follow":"follow","max-snippet":"max-snippet:-1","max-image-preview":"max-image-preview:large","max-video-preview":"max-video-preview:-1"},"canonical":"https:\/\/www.hotel-zumschiff.de\/de\/feiern-events\/","og_locale":"de_DE","og_type":"article","og_title":"Feiern & Events &#8211; Hotel zum Schiff in Freiburg-St. Georgen","og_url":"https:\/\/www.hotel-zumschiff.de\/de\/feiern-events\/","og_site_name":"Hotel zum Schiff in Freiburg-St. Georgen","article_modified_time":"2024-09-04T10:52:42+00:00","og_image":[{"width":2560,"height":1707,"url":"https:\/\/www.hotel-zumschiff.de\/wp-content\/uploads\/2024\/07\/2024_schiff_02_0134_done-min-scaled.jpg","type":"image\/jpeg"}],"twitter_card":"summary_large_image","twitter_misc":{"Gesch\u00e4tzte Lesezeit":"3\u00a0Minuten"},"schema":{"@context":"https:\/\/schema.org","@graph":[{"@type":"WebPage","@id":"https:\/\/www.hotel-zumschiff.de\/de\/feiern-events\/","url":"https:\/\/www.hotel-zumschiff.de\/de\/feiern-events\/","name":"Feiern & Events &#8211; Hotel zum Schiff in Freiburg-St. Georgen","isPartOf":{"@id":"https:\/\/www.hotel-zumschiff.de\/de\/#website"},"datePublished":"2024-07-16T12:53:52+00:00","dateModified":"2024-09-04T10:52:42+00:00","breadcrumb":{"@id":"https:\/\/www.hotel-zumschiff.de\/de\/feiern-events\/#breadcrumb"},"inLanguage":"de","potentialAction":[{"@type":"ReadAction","target":["https:\/\/www.hotel-zumschiff.de\/de\/feiern-events\/"]}]},{"@type":"BreadcrumbList","@id":"https:\/\/www.hotel-zumschiff.de\/de\/feiern-events\/#breadcrumb","itemListElement":[{"@type":"ListItem","position":1,"name":"Startseite","item":"https:\/\/www.hotel-zumschiff.de\/de\/"},{"@type":"ListItem","position":2,"name":"Feiern &#038; Events"}]},{"@type":"WebSite","@id":"https:\/\/www.hotel-zumschiff.de\/de\/#website","url":"https:\/\/www.hotel-zumschiff.de\/de\/","name":"Hotel zum Schiff in Freiburg-St. Georgen","description":"Badische Gastfreundschaft mit langer Tradition","publisher":{"@id":"https:\/\/www.hotel-zumschiff.de\/de\/#organization"},"alternateName":"Hotel zum Schiff","potentialAction":[{"@type":"SearchAction","target":{"@type":"EntryPoint","urlTemplate":"https:\/\/www.hotel-zumschiff.de\/de\/?s={search_term_string}"},"query-input":{"@type":"PropertyValueSpecification","valueRequired":true,"valueName":"search_term_string"}}],"inLanguage":"de"},{"@type":"Organization","@id":"https:\/\/www.hotel-zumschiff.de\/de\/#organization","name":"Hotel zum Schiff in Freiburg-St. Georgen","alternateName":"Hotel zum Schiff","url":"https:\/\/www.hotel-zumschiff.de\/de\/","logo":{"@type":"ImageObject","inLanguage":"de","@id":"https:\/\/www.hotel-zumschiff.de\/de\/#\/schema\/logo\/image\/","url":"https:\/\/www.hotel-zumschiff.de\/wp-content\/uploads\/2024\/05\/HZS_Logo2.svg","contentUrl":"https:\/\/www.hotel-zumschiff.de\/wp-content\/uploads\/2024\/05\/HZS_Logo2.svg","width":"1024","height":"1024","caption":"Hotel zum Schiff in Freiburg-St. Georgen"},"image":{"@id":"https:\/\/www.hotel-zumschiff.de\/de\/#\/schema\/logo\/image\/"}}]}},"_links":{"self":[{"href":"https:\/\/www.hotel-zumschiff.de\/de\/wp-json\/wp\/v2\/pages\/8971","targetHints":{"allow":["GET"]}}],"collection":[{"href":"https:\/\/www.hotel-zumschiff.de\/de\/wp-json\/wp\/v2\/pages"}],"about":[{"href":"https:\/\/www.hotel-zumschiff.de\/de\/wp-json\/wp\/v2\/types\/page"}],"author":[{"embeddable":true,"href":"https:\/\/www.hotel-zumschiff.de\/de\/wp-json\/wp\/v2\/users\/1"}],"replies":[{"embeddable":true,"href":"https:\/\/www.hotel-zumschiff.de\/de\/wp-json\/wp\/v2\/comments?post=8971"}],"version-history":[{"count":10,"href":"https:\/\/www.hotel-zumschiff.de\/de\/wp-json\/wp\/v2\/pages\/8971\/revisions"}],"predecessor-version":[{"id":10449,"href":"https:\/\/www.hotel-zumschiff.de\/de\/wp-json\/wp\/v2\/pages\/8971\/revisions\/10449"}],"wp:attachment":[{"href":"https:\/\/www.hotel-zumschiff.de\/de\/wp-json\/wp\/v2\/media?parent=8971"}],"curies":[{"name":"wp","href":"https:\/\/api.w.org\/{rel}","templated":true}]}}