{"id":8981,"date":"2024-07-18T09:07:34","date_gmt":"2024-07-18T07:07:34","guid":{"rendered":"https:\/\/wordpress.hotel-zumschiff.de\/?page_id=8981"},"modified":"2024-07-25T16:59:55","modified_gmt":"2024-07-25T14:59:55","slug":"aktuelles","status":"publish","type":"page","link":"https:\/\/www.hotel-zumschiff.de\/de\/aktuelles\/","title":{"rendered":"Aktuelles"},"content":{"rendered":"<section class=\"l-section wpb_row us_custom_21114ce5 hero-slider-content-pages height_auto full_height valign_center parallax_fixed with_slider\"><div class=\"l-section-slider\"><div class=\"w-slider style_none fit_cover nav_none count_3\"><div class=\"w-slider-h\" aria-hidden=\"true\"><div class=\"royalSlider\"><div class=\"rsContent\"><a class=\"rsImg\" data-rsw=\"2560\" data-rsh=\"1708\" href=\"https:\/\/www.hotel-zumschiff.de\/wp-content\/uploads\/2024\/07\/2024_schiff_02_0161_done-min-scaled.jpg\"><span data-alt=\"\"><\/span><\/a><\/div><div class=\"rsContent\"><a class=\"rsImg\" data-rsw=\"2500\" data-rsh=\"1667\" href=\"https:\/\/www.hotel-zumschiff.de\/wp-content\/uploads\/2024\/07\/2024_Schiff_rooms_0495-1_done.jpg\"><span data-alt=\"\"><\/span><\/a><\/div><div class=\"rsContent\"><a class=\"rsImg\" data-rsw=\"2500\" data-rsh=\"1668\" href=\"https:\/\/www.hotel-zumschiff.de\/wp-content\/uploads\/2024\/07\/2024_Schiff_rooms_0597_done.jpg\"><span data-alt=\"\"><\/span><\/a><\/div><\/div><img decoding=\"async\" src=\"https:\/\/www.hotel-zumschiff.de\/wp-content\/uploads\/2024\/07\/2024_schiff_02_0161_done-min-scaled.jpg\" width=\"2560\" height=\"1708\" alt loading=\"lazy\"><\/div><div class=\"w-slider-json\" onclick='return {&quot;autoScaleSlider&quot;:true,&quot;addActiveClass&quot;:true,&quot;loop&quot;:true,&quot;fadeInLoadedSlide&quot;:false,&quot;slidesSpacing&quot;:0,&quot;imageScalePadding&quot;:0,&quot;numImagesToPreload&quot;:2,&quot;arrowsNav&quot;:false,&quot;arrowsNavAutoHide&quot;:false,&quot;transitionType&quot;:&quot;fade&quot;,&quot;transitionSpeed&quot;:1000,&quot;block&quot;:{&quot;moveEffect&quot;:&quot;none&quot;,&quot;speed&quot;:300},&quot;thumbs&quot;:{&quot;fitInViewport&quot;:false,&quot;firstMargin&quot;:false,&quot;spacing&quot;:4},&quot;controlNavigation&quot;:&quot;none&quot;,&quot;autoplay&quot;:{&quot;enabled&quot;:true,&quot;pauseOnHover&quot;:false,&quot;delay&quot;:3000},&quot;autoScaleSliderWidth&quot;:2560,&quot;autoScaleSliderHeight&quot;:1708}'><\/div><\/div><\/div><div class=\"l-section-overlay\" style=\"background:var(--color-header-top-transparent-bg)\"><\/div><div class=\"l-section-h i-cf\"><div class=\"g-cols vc_row via_flex valign_middle type_default stacking_default\"><div class=\"vc_col-sm-12 wpb_column vc_column_container\"><div class=\"vc_column-inner\"><div class=\"wpb_wrapper\"><div class=\"w-separator size_small\"><\/div><h1 class=\"w-itext us_custom_8b3d6790 has_text_color type_zoomIn align_center\" onclick='return {&quot;duration&quot;:400,&quot;delay&quot;:3000,&quot;disablePartAnimation&quot;:false,&quot;html_nbsp_char&quot;:false}'>Neues vom \"Schiff\"<\/h1><div class=\"w-separator size_small\"><\/div><\/div><\/div><\/div><\/div><\/div><\/section><section class=\"l-section wpb_row height_large\"><div class=\"l-section-h i-cf\"><div class=\"g-cols vc_row via_flex valign_top type_default stacking_default\"><div class=\"vc_col-sm-12 wpb_column vc_column_container\"><div class=\"vc_column-inner\"><div class=\"wpb_wrapper\"><div class=\"w-grid us_grid type_grid layout_9700 cols_3 overflow_hidden preload_style_spinner\" id=\"us_grid_1\" style=\"--columns:3;--gap:1.5rem;\" data-filterable=\"true\"><style>@media (max-width:991px){#us_grid_1{--columns:2!important}}@media (max-width:767px){#us_grid_1{--columns:1!important}}.layout_9700 .w-grid-item-h{background:var(--color-content-bg);color:var(--color-content-text);border-radius:0.3rem;box-shadow:0 0.03rem 0.06rem rgba(0,0,0,0.1),0 0.1rem 0.3rem rgba(0,0,0,0.1);transition-duration:0.3s}.no-touch .layout_9700 .w-grid-item-h:hover{box-shadow:0 0.1rem 0.2rem rgba(0,0,0,0.1),0 0.33rem 1rem rgba(0,0,0,0.15);z-index:4}.layout_9700 .usg_post_image_1{margin-bottom:-2rem!important}.layout_9700 .usg_post_title_1{font-size:1.4rem!important;font-weight:700!important}.layout_9700 .usg_vwrapper_1{margin-top:2rem!important;padding:9% 11% 11% 11%!important}@media (max-width:767px){.layout_9700 .usg_post_title_1{font-size:1.2rem!important}}<\/style><div class=\"w-grid-list\">\t<article class=\"w-grid-item size_1x1 post-14179 post type-post status-publish format-standard has-post-thumbnail hentry category-extras\" data-id=\"14179\">\r\n\t\t<div class=\"w-grid-item-h\">\r\n\t\t\t\t\t\t<div class=\"w-post-elm post_image usg_post_image_1 stretched\"><a href=\"https:\/\/www.hotel-zumschiff.de\/de\/unsere-spezialitaeten\/\" aria-label=\"Unsere Spezialit\u00e4ten\"><img loading=\"lazy\" decoding=\"async\" width=\"1024\" height=\"683\" src=\"https:\/\/www.hotel-zumschiff.de\/wp-content\/uploads\/2024\/07\/2024_Schiff_rooms_0343-1_done-min-1-1024x683.jpg\" class=\"attachment-large size-large wp-post-image\" alt=\"\" srcset=\"https:\/\/www.hotel-zumschiff.de\/wp-content\/uploads\/2024\/07\/2024_Schiff_rooms_0343-1_done-min-1-1024x683.jpg 1024w, https:\/\/www.hotel-zumschiff.de\/wp-content\/uploads\/2024\/07\/2024_Schiff_rooms_0343-1_done-min-1-300x200.jpg 300w\" sizes=\"auto, (max-width: 1024px) 100vw, 1024px\" \/><\/a><\/div><div class=\"w-vwrapper usg_vwrapper_1 align_none valign_top\"><h2 class=\"w-post-elm post_title usg_post_title_1 entry-title color_link_inherit\"><a href=\"https:\/\/www.hotel-zumschiff.de\/de\/unsere-spezialitaeten\/\">Unsere Spezialit\u00e4ten<\/a><\/h2><div class=\"w-post-elm post_content usg_post_content_1\">Unsere aktuelle Spezialit\u00e4tenkarte.<\/div><\/div>\t\t<\/div>\r\n\t\t\t<\/article>\r\n\t<article class=\"w-grid-item size_1x1 post-10609 post type-post status-publish format-standard has-post-thumbnail hentry category-extras\" data-id=\"10609\">\r\n\t\t<div class=\"w-grid-item-h\">\r\n\t\t\t\t\t\t<div class=\"w-post-elm post_image usg_post_image_1 stretched\"><a href=\"https:\/\/www.hotel-zumschiff.de\/de\/brandneu-unsere-deluxezimmer\/\" aria-label=\"Brandneu: Unsere Deluxezimmer!\"><img loading=\"lazy\" decoding=\"async\" width=\"1024\" height=\"683\" src=\"https:\/\/www.hotel-zumschiff.de\/wp-content\/uploads\/2024\/10\/2024_Schiff_03_7742-1024x683.jpg\" class=\"attachment-large size-large wp-post-image\" alt=\"2024_Schiff\" srcset=\"https:\/\/www.hotel-zumschiff.de\/wp-content\/uploads\/2024\/10\/2024_Schiff_03_7742-1024x683.jpg 1024w, https:\/\/www.hotel-zumschiff.de\/wp-content\/uploads\/2024\/10\/2024_Schiff_03_7742-300x200.jpg 300w, https:\/\/www.hotel-zumschiff.de\/wp-content\/uploads\/2024\/10\/2024_Schiff_03_7742.jpg 1920w\" sizes=\"auto, (max-width: 1024px) 100vw, 1024px\" \/><\/a><\/div><div class=\"w-vwrapper usg_vwrapper_1 align_none valign_top\"><h2 class=\"w-post-elm post_title usg_post_title_1 entry-title color_link_inherit\"><a href=\"https:\/\/www.hotel-zumschiff.de\/de\/brandneu-unsere-deluxezimmer\/\">Brandneu: Unsere Deluxezimmer!<\/a><\/h2><div class=\"w-post-elm post_content usg_post_content_1\">Moderne Ausstattung, angenehme Materialien und gro\u00dfz\u00fcgige Platzverh\u00e4ltnisse. Die Lage zum Garten ist ein ganz besonderer Pluspunkt f\u00fcr alle die es&hellip;<\/div><\/div>\t\t<\/div>\r\n\t\t\t<\/article>\r\n\t<article class=\"w-grid-item size_1x1 post-8997 post type-post status-publish format-standard has-post-thumbnail hentry category-extras\" data-id=\"8997\">\r\n\t\t<div class=\"w-grid-item-h\">\r\n\t\t\t\t\t\t<div class=\"w-post-elm post_image usg_post_image_1 stretched\"><a href=\"https:\/\/www.hotel-zumschiff.de\/de\/bett-bike\/\" aria-label=\"Bett &#038; Bike\"><img loading=\"lazy\" decoding=\"async\" width=\"1024\" height=\"683\" src=\"https:\/\/www.hotel-zumschiff.de\/wp-content\/uploads\/2024\/07\/AdobeStock_519668279-1024x683.jpeg\" class=\"attachment-large size-large wp-post-image\" alt=\"\" srcset=\"https:\/\/www.hotel-zumschiff.de\/wp-content\/uploads\/2024\/07\/AdobeStock_519668279-1024x683.jpeg 1024w, https:\/\/www.hotel-zumschiff.de\/wp-content\/uploads\/2024\/07\/AdobeStock_519668279-300x200.jpeg 300w\" sizes=\"auto, (max-width: 1024px) 100vw, 1024px\" \/><\/a><\/div><div class=\"w-vwrapper usg_vwrapper_1 align_none valign_top\"><h2 class=\"w-post-elm post_title usg_post_title_1 entry-title color_link_inherit\"><a href=\"https:\/\/www.hotel-zumschiff.de\/de\/bett-bike\/\">Bett &#038; Bike<\/a><\/h2><div class=\"w-post-elm post_content usg_post_content_1\">Das Hotel Zum Schiff ist der ideale Ausgangspunkt f\u00fcr unvergesslich sch\u00f6ne und erlebnisreiche Radtouren. Wir sind zertifizierter Partner vom ADFC&hellip;<\/div><\/div>\t\t<\/div>\r\n\t\t\t<\/article>\r\n<\/div>\t<div class=\"w-grid-preloader\">\r\n\t\t<div class=\"g-preloader type_1\">\r\n\t\t\t<div><\/div>\r\n\t\t<\/div>\r\n\t<\/div>\r\n\t\t<div class=\"w-grid-json hidden\" onclick='return {&quot;action&quot;:&quot;us_ajax_grid&quot;,&quot;infinite_scroll&quot;:0,&quot;max_num_pages&quot;:1,&quot;pagination&quot;:&quot;none&quot;,&quot;template_vars&quot;:{&quot;columns&quot;:&quot;3&quot;,&quot;exclude_items&quot;:&quot;none&quot;,&quot;img_size&quot;:&quot;default&quot;,&quot;ignore_items_size&quot;:0,&quot;items_layout&quot;:&quot;9700&quot;,&quot;items_offset&quot;:&quot;1&quot;,&quot;load_animation&quot;:&quot;none&quot;,&quot;overriding_link&quot;:&quot;%7B%22url%22%3A%22%22%7D&quot;,&quot;post_id&quot;:0,&quot;query_args&quot;:{&quot;post_type&quot;:[&quot;post&quot;],&quot;tax_query&quot;:[{&quot;taxonomy&quot;:&quot;category&quot;,&quot;field&quot;:&quot;slug&quot;,&quot;terms&quot;:[&quot;allgemein&quot;,&quot;extras&quot;,&quot;hotel&quot;,&quot;karierte&quot;,&quot;restaurant&quot;]}],&quot;post_status&quot;:[&quot;publish&quot;],&quot;posts_per_page&quot;:&quot;6&quot;},&quot;orderby_query_args&quot;:{&quot;orderby&quot;:{&quot;date&quot;:&quot;DESC&quot;}},&quot;type&quot;:&quot;grid&quot;,&quot;us_grid_post_type&quot;:&quot;post&quot;,&quot;us_grid_ajax_index&quot;:1,&quot;us_grid_filter_query_string&quot;:null,&quot;us_grid_index&quot;:1,&quot;page_args&quot;:[]}}'><\/div>\r\n\t<\/div><\/div><\/div><\/div><\/div><\/div><\/section><section class=\"l-section wpb_row height_small color_alternate\"><div class=\"l-section-h i-cf\"><div class=\"g-cols vc_row via_flex valign_top type_default stacking_default\"><div class=\"vc_col-sm-12 wpb_column vc_column_container\"><div class=\"vc_column-inner\"><div class=\"wpb_wrapper\"><div class=\"g-cols wpb_row button-at-end via_flex valign_top type_default stacking_default\"><div class=\"vc_col-sm-6 wpb_column vc_column_container\"><div class=\"vc_column-inner us_custom_793eca89\"><div class=\"vc_column-overlay\" style=\"background:var(--color-header-middle-bg)\"><\/div><div class=\"wpb_wrapper\"><div class=\"w-image us_custom_68f1b585 has_ratio align_none\"><div class=\"w-image-h\"><div style=\"padding-bottom:56.25%\"><\/div><img decoding=\"async\" width=\"1024\" height=\"683\" src=\"https:\/\/www.hotel-zumschiff.de\/wp-content\/uploads\/2024\/06\/hotel-receptionist-work-1024x683.jpg\" class=\"attachment-large size-large\" alt=\"\" loading=\"lazy\" \/><\/div><\/div><div class=\"w-separator size_small\"><\/div><h4 class=\"w-text us_custom_eb849559\"><span class=\"w-text-h\"><span class=\"w-text-value\">Karriere<\/span><\/span><\/h4><div class=\"wpb_text_column us_custom_37d0561f\"><div class=\"wpb_wrapper\"><p style=\"font-weight: 400; text-align: center;\">Komm an Bord und werde Teil unserer Mannschaft!<\/p>\n<\/div><\/div><div class=\"w-btn-wrapper align_center\"><a class=\"w-btn us-btn-style_3\" href=\"\/karriere\/\"><span class=\"w-btn-label\">MEHR ERFAHREN<\/span><\/a><\/div><\/div><\/div><\/div><div class=\"vc_col-sm-6 wpb_column vc_column_container\"><div class=\"vc_column-inner us_custom_793eca89\"><div class=\"vc_column-overlay\" style=\"background:var(--color-header-middle-bg)\"><\/div><div class=\"wpb_wrapper\"><div class=\"w-image us_custom_68f1b585 has_ratio align_none\"><div class=\"w-image-h\"><div style=\"padding-bottom:56.25%\"><\/div><img decoding=\"async\" width=\"1024\" height=\"683\" src=\"https:\/\/www.hotel-zumschiff.de\/wp-content\/uploads\/2024\/07\/2024_Schiff_rooms_0071_done-1024x683.jpg\" class=\"attachment-large size-large\" alt=\"\" loading=\"lazy\" \/><\/div><\/div><div class=\"w-separator size_small\"><\/div><h4 class=\"w-text us_custom_eb849559\"><span class=\"w-text-h\"><span class=\"w-text-value\">Wissenswertes von A-Z<\/span><\/span><\/h4><div class=\"wpb_text_column us_custom_37d0561f\"><div class=\"wpb_wrapper\"><p style=\"font-weight: 400; text-align: center;\">Sie haben Fragen rund um Ihren Aufenthalt? Hier liefern wir die Antworten.<\/p>\n<\/div><\/div><div class=\"w-btn-wrapper align_center\"><a class=\"w-btn us-btn-style_3\" href=\"\/wissenswertes\/\"><span class=\"w-btn-label\">MEHR ERFAHREN<\/span><\/a><\/div><\/div><\/div><\/div><\/div><div class=\"w-separator size_small\"><\/div><\/div><\/div><\/div><\/div><\/div><\/section>\n","protected":false},"excerpt":{"rendered":"Das Hotel Zum Schiff ist der ideale Ausgangspunkt f\u00fcr unvergesslich sch\u00f6ne und erlebnisreiche Radtouren. Wir sind zertifizierter Partner vom ADFC und erf\u00fcllen die Richtlinien f\u00fcr Bett &amp; Bike. Bei uns steht Ihr Rad trocken und sicher und bei technischen Herausforderungen haben wir die richtigen Spezialisten an der Hand!","protected":false},"author":1,"featured_media":0,"parent":0,"menu_order":0,"comment_status":"closed","ping_status":"closed","template":"","meta":{"footnotes":""},"class_list":["post-8981","page","type-page","status-publish","hentry"],"yoast_head":"<!-- This site is optimized with the Yoast SEO plugin v26.8 - https:\/\/yoast.com\/product\/yoast-seo-wordpress\/ -->\n<title>Aktuelles &#8211; Hotel zum Schiff in Freiburg-St. Georgen<\/title>\n<meta name=\"robots\" content=\"index, follow, max-snippet:-1, max-image-preview:large, max-video-preview:-1\" \/>\n<link rel=\"canonical\" href=\"https:\/\/www.hotel-zumschiff.de\/de\/aktuelles\/\" \/>\n<meta property=\"og:locale\" content=\"de_DE\" \/>\n<meta property=\"og:type\" content=\"article\" \/>\n<meta property=\"og:title\" content=\"Aktuelles &#8211; Hotel zum Schiff in Freiburg-St. Georgen\" \/>\n<meta property=\"og:url\" content=\"https:\/\/www.hotel-zumschiff.de\/de\/aktuelles\/\" \/>\n<meta property=\"og:site_name\" content=\"Hotel zum Schiff in Freiburg-St. Georgen\" \/>\n<meta property=\"article:modified_time\" content=\"2024-07-25T14:59:55+00:00\" \/>\n<meta property=\"og:image\" content=\"https:\/\/www.hotel-zumschiff.de\/wp-content\/uploads\/2024\/07\/2024_schiff_02_0134_done-min-scaled.jpg\" \/>\n\t<meta property=\"og:image:width\" content=\"2560\" \/>\n\t<meta property=\"og:image:height\" content=\"1707\" \/>\n\t<meta property=\"og:image:type\" content=\"image\/jpeg\" \/>\n<meta name=\"twitter:card\" content=\"summary_large_image\" \/>\n<meta name=\"twitter:label1\" content=\"Gesch\u00e4tzte Lesezeit\" \/>\n\t<meta name=\"twitter:data1\" content=\"2\u00a0Minuten\" \/>\n<script type=\"application\/ld+json\" class=\"yoast-schema-graph\">{\"@context\":\"https:\/\/schema.org\",\"@graph\":[{\"@type\":\"WebPage\",\"@id\":\"https:\/\/www.hotel-zumschiff.de\/de\/aktuelles\/\",\"url\":\"https:\/\/www.hotel-zumschiff.de\/de\/aktuelles\/\",\"name\":\"Aktuelles &#8211; Hotel zum Schiff in Freiburg-St. Georgen\",\"isPartOf\":{\"@id\":\"https:\/\/www.hotel-zumschiff.de\/de\/#website\"},\"datePublished\":\"2024-07-18T07:07:34+00:00\",\"dateModified\":\"2024-07-25T14:59:55+00:00\",\"breadcrumb\":{\"@id\":\"https:\/\/www.hotel-zumschiff.de\/de\/aktuelles\/#breadcrumb\"},\"inLanguage\":\"de\",\"potentialAction\":[{\"@type\":\"ReadAction\",\"target\":[\"https:\/\/www.hotel-zumschiff.de\/de\/aktuelles\/\"]}]},{\"@type\":\"BreadcrumbList\",\"@id\":\"https:\/\/www.hotel-zumschiff.de\/de\/aktuelles\/#breadcrumb\",\"itemListElement\":[{\"@type\":\"ListItem\",\"position\":1,\"name\":\"Startseite\",\"item\":\"https:\/\/www.hotel-zumschiff.de\/de\/\"},{\"@type\":\"ListItem\",\"position\":2,\"name\":\"Aktuelles\"}]},{\"@type\":\"WebSite\",\"@id\":\"https:\/\/www.hotel-zumschiff.de\/de\/#website\",\"url\":\"https:\/\/www.hotel-zumschiff.de\/de\/\",\"name\":\"Hotel zum Schiff in Freiburg-St. Georgen\",\"description\":\"Badische Gastfreundschaft mit langer Tradition\",\"publisher\":{\"@id\":\"https:\/\/www.hotel-zumschiff.de\/de\/#organization\"},\"alternateName\":\"Hotel zum Schiff\",\"potentialAction\":[{\"@type\":\"SearchAction\",\"target\":{\"@type\":\"EntryPoint\",\"urlTemplate\":\"https:\/\/www.hotel-zumschiff.de\/de\/?s={search_term_string}\"},\"query-input\":{\"@type\":\"PropertyValueSpecification\",\"valueRequired\":true,\"valueName\":\"search_term_string\"}}],\"inLanguage\":\"de\"},{\"@type\":\"Organization\",\"@id\":\"https:\/\/www.hotel-zumschiff.de\/de\/#organization\",\"name\":\"Hotel zum Schiff in Freiburg-St. Georgen\",\"alternateName\":\"Hotel zum Schiff\",\"url\":\"https:\/\/www.hotel-zumschiff.de\/de\/\",\"logo\":{\"@type\":\"ImageObject\",\"inLanguage\":\"de\",\"@id\":\"https:\/\/www.hotel-zumschiff.de\/de\/#\/schema\/logo\/image\/\",\"url\":\"https:\/\/www.hotel-zumschiff.de\/wp-content\/uploads\/2024\/05\/HZS_Logo2.svg\",\"contentUrl\":\"https:\/\/www.hotel-zumschiff.de\/wp-content\/uploads\/2024\/05\/HZS_Logo2.svg\",\"width\":\"1024\",\"height\":\"1024\",\"caption\":\"Hotel zum Schiff in Freiburg-St. Georgen\"},\"image\":{\"@id\":\"https:\/\/www.hotel-zumschiff.de\/de\/#\/schema\/logo\/image\/\"}}]}<\/script>\n<!-- \/ Yoast SEO plugin. -->","yoast_head_json":{"title":"Aktuelles &#8211; Hotel zum Schiff in Freiburg-St. Georgen","robots":{"index":"index","follow":"follow","max-snippet":"max-snippet:-1","max-image-preview":"max-image-preview:large","max-video-preview":"max-video-preview:-1"},"canonical":"https:\/\/www.hotel-zumschiff.de\/de\/aktuelles\/","og_locale":"de_DE","og_type":"article","og_title":"Aktuelles &#8211; Hotel zum Schiff in Freiburg-St. Georgen","og_url":"https:\/\/www.hotel-zumschiff.de\/de\/aktuelles\/","og_site_name":"Hotel zum Schiff in Freiburg-St. Georgen","article_modified_time":"2024-07-25T14:59:55+00:00","og_image":[{"width":2560,"height":1707,"url":"https:\/\/www.hotel-zumschiff.de\/wp-content\/uploads\/2024\/07\/2024_schiff_02_0134_done-min-scaled.jpg","type":"image\/jpeg"}],"twitter_card":"summary_large_image","twitter_misc":{"Gesch\u00e4tzte Lesezeit":"2\u00a0Minuten"},"schema":{"@context":"https:\/\/schema.org","@graph":[{"@type":"WebPage","@id":"https:\/\/www.hotel-zumschiff.de\/de\/aktuelles\/","url":"https:\/\/www.hotel-zumschiff.de\/de\/aktuelles\/","name":"Aktuelles &#8211; Hotel zum Schiff in Freiburg-St. Georgen","isPartOf":{"@id":"https:\/\/www.hotel-zumschiff.de\/de\/#website"},"datePublished":"2024-07-18T07:07:34+00:00","dateModified":"2024-07-25T14:59:55+00:00","breadcrumb":{"@id":"https:\/\/www.hotel-zumschiff.de\/de\/aktuelles\/#breadcrumb"},"inLanguage":"de","potentialAction":[{"@type":"ReadAction","target":["https:\/\/www.hotel-zumschiff.de\/de\/aktuelles\/"]}]},{"@type":"BreadcrumbList","@id":"https:\/\/www.hotel-zumschiff.de\/de\/aktuelles\/#breadcrumb","itemListElement":[{"@type":"ListItem","position":1,"name":"Startseite","item":"https:\/\/www.hotel-zumschiff.de\/de\/"},{"@type":"ListItem","position":2,"name":"Aktuelles"}]},{"@type":"WebSite","@id":"https:\/\/www.hotel-zumschiff.de\/de\/#website","url":"https:\/\/www.hotel-zumschiff.de\/de\/","name":"Hotel zum Schiff in Freiburg-St. Georgen","description":"Badische Gastfreundschaft mit langer Tradition","publisher":{"@id":"https:\/\/www.hotel-zumschiff.de\/de\/#organization"},"alternateName":"Hotel zum Schiff","potentialAction":[{"@type":"SearchAction","target":{"@type":"EntryPoint","urlTemplate":"https:\/\/www.hotel-zumschiff.de\/de\/?s={search_term_string}"},"query-input":{"@type":"PropertyValueSpecification","valueRequired":true,"valueName":"search_term_string"}}],"inLanguage":"de"},{"@type":"Organization","@id":"https:\/\/www.hotel-zumschiff.de\/de\/#organization","name":"Hotel zum Schiff in Freiburg-St. Georgen","alternateName":"Hotel zum Schiff","url":"https:\/\/www.hotel-zumschiff.de\/de\/","logo":{"@type":"ImageObject","inLanguage":"de","@id":"https:\/\/www.hotel-zumschiff.de\/de\/#\/schema\/logo\/image\/","url":"https:\/\/www.hotel-zumschiff.de\/wp-content\/uploads\/2024\/05\/HZS_Logo2.svg","contentUrl":"https:\/\/www.hotel-zumschiff.de\/wp-content\/uploads\/2024\/05\/HZS_Logo2.svg","width":"1024","height":"1024","caption":"Hotel zum Schiff in Freiburg-St. Georgen"},"image":{"@id":"https:\/\/www.hotel-zumschiff.de\/de\/#\/schema\/logo\/image\/"}}]}},"_links":{"self":[{"href":"https:\/\/www.hotel-zumschiff.de\/de\/wp-json\/wp\/v2\/pages\/8981","targetHints":{"allow":["GET"]}}],"collection":[{"href":"https:\/\/www.hotel-zumschiff.de\/de\/wp-json\/wp\/v2\/pages"}],"about":[{"href":"https:\/\/www.hotel-zumschiff.de\/de\/wp-json\/wp\/v2\/types\/page"}],"author":[{"embeddable":true,"href":"https:\/\/www.hotel-zumschiff.de\/de\/wp-json\/wp\/v2\/users\/1"}],"replies":[{"embeddable":true,"href":"https:\/\/www.hotel-zumschiff.de\/de\/wp-json\/wp\/v2\/comments?post=8981"}],"version-history":[{"count":10,"href":"https:\/\/www.hotel-zumschiff.de\/de\/wp-json\/wp\/v2\/pages\/8981\/revisions"}],"predecessor-version":[{"id":9711,"href":"https:\/\/www.hotel-zumschiff.de\/de\/wp-json\/wp\/v2\/pages\/8981\/revisions\/9711"}],"wp:attachment":[{"href":"https:\/\/www.hotel-zumschiff.de\/de\/wp-json\/wp\/v2\/media?parent=8981"}],"curies":[{"name":"wp","href":"https:\/\/api.w.org\/{rel}","templated":true}]}}