{"id":9061,"date":"2024-07-16T14:08:58","date_gmt":"2024-07-16T12:08:58","guid":{"rendered":"https:\/\/wordpress.hotel-zumschiff.de\/?page_id=9061"},"modified":"2024-08-02T08:08:18","modified_gmt":"2024-08-02T06:08:18","slug":"tagungen-feiern","status":"publish","type":"page","link":"https:\/\/www.hotel-zumschiff.de\/de\/tagungen-feiern\/","title":{"rendered":"Tagungen &#038; Feiern"},"content":{"rendered":"<section class=\"l-section wpb_row us_custom_21114ce5 hero-slider-content-pages height_auto full_height valign_center with_img parallax_fixed with_slider\"><div class=\"l-section-img\" role=\"img\" aria-label=\"Bild\" data-img-width=\"2048\" data-img-height=\"1026\" style=\"background-image: url(https:\/\/www.hotel-zumschiff.de\/wp-content\/uploads\/2024\/05\/2024_Schiff_rooms_0482.jpg);background-repeat: no-repeat;\"><\/div><div class=\"l-section-slider\"><div class=\"w-slider style_none fit_cover nav_none count_3\"><div class=\"w-slider-h\" aria-hidden=\"true\"><div class=\"royalSlider\"><div class=\"rsContent\"><a class=\"rsImg\" data-rsw=\"2500\" data-rsh=\"1667\" href=\"https:\/\/www.hotel-zumschiff.de\/wp-content\/uploads\/2024\/07\/2024_Schiff_rooms_0482_done.jpg\"><span data-alt=\"\"><\/span><\/a><\/div><div class=\"rsContent\"><a class=\"rsImg\" data-rsw=\"2560\" data-rsh=\"1708\" href=\"https:\/\/www.hotel-zumschiff.de\/wp-content\/uploads\/2024\/07\/2024_Schiff_rooms_0200-1_done-min-1-scaled.jpg\"><span data-alt=\"\"><\/span><\/a><\/div><div class=\"rsContent\"><a class=\"rsImg\" data-rsw=\"2500\" data-rsh=\"1667\" href=\"https:\/\/www.hotel-zumschiff.de\/wp-content\/uploads\/2024\/07\/2024_Schiff_rooms_0597-1_done.jpg\"><span data-alt=\"\"><\/span><\/a><\/div><\/div><img decoding=\"async\" src=\"https:\/\/www.hotel-zumschiff.de\/wp-content\/uploads\/2024\/07\/2024_Schiff_rooms_0482_done.jpg\" width=\"2500\" height=\"1667\" alt loading=\"lazy\"><\/div><div class=\"w-slider-json\" onclick='return {&quot;autoScaleSlider&quot;:true,&quot;addActiveClass&quot;:true,&quot;loop&quot;:true,&quot;fadeInLoadedSlide&quot;:false,&quot;slidesSpacing&quot;:0,&quot;imageScalePadding&quot;:0,&quot;numImagesToPreload&quot;:2,&quot;arrowsNav&quot;:false,&quot;arrowsNavAutoHide&quot;:false,&quot;transitionType&quot;:&quot;fade&quot;,&quot;transitionSpeed&quot;:1000,&quot;block&quot;:{&quot;moveEffect&quot;:&quot;none&quot;,&quot;speed&quot;:300},&quot;thumbs&quot;:{&quot;fitInViewport&quot;:false,&quot;firstMargin&quot;:false,&quot;spacing&quot;:4},&quot;controlNavigation&quot;:&quot;none&quot;,&quot;autoplay&quot;:{&quot;enabled&quot;:true,&quot;pauseOnHover&quot;:false,&quot;delay&quot;:3000},&quot;autoScaleSliderWidth&quot;:2500,&quot;autoScaleSliderHeight&quot;:1667}'><\/div><\/div><\/div><div class=\"l-section-overlay\" style=\"background:var(--color-header-top-transparent-bg)\"><\/div><div class=\"l-section-h i-cf\"><div class=\"g-cols vc_row via_flex valign_middle type_default stacking_default\"><div class=\"vc_col-sm-12 wpb_column vc_column_container\"><div class=\"vc_column-inner\"><div class=\"wpb_wrapper\"><div class=\"w-separator size_small\"><\/div><h1 class=\"w-itext us_custom_8b3d6790 has_text_color hide_on_mobiles type_zoomIn align_center\" onclick='return {&quot;duration&quot;:400,&quot;delay&quot;:3000,&quot;disablePartAnimation&quot;:false,&quot;html_nbsp_char&quot;:false}'><span class=\"w-itext-part changesat_0 changesat_1 changesat_2 dynamic\" onclick='return [&quot;Tagungen,&quot;,&quot;Veranstaltungen,&quot;,&quot;Feiern&quot;]'><span>Tagungen,<\/span><\/span><\/h1><h1 class=\"w-itext us_custom_8b3d6790 has_text_color hide_on_default hide_on_laptops hide_on_tablets type_zoomIn align_center\" onclick='return {&quot;duration&quot;:400,&quot;delay&quot;:3000,&quot;disablePartAnimation&quot;:false,&quot;html_nbsp_char&quot;:false}'><span class=\"w-itext-part changesat_0 changesat_1 changesat_2 dynamic\" onclick='return [&quot;Tagungen,&quot;,&quot;Veranstal\\u00adtungen,&quot;,&quot;Feiern&quot;]'><span>Tagungen,<\/span><\/span><\/h1><div class=\"w-separator size_small\"><\/div><div class=\"w-text us_custom_cb96e69e has_text_color\"><span class=\"w-text-h\"><span class=\"w-text-value\">Unsere klimatisierten und modern ausgestatteten Tagungsr\u00e4ume lassen Ihre Veranstaltung zu einem vollen Erfolg werden!<\/span><\/span><\/div><\/div><\/div><\/div><\/div><\/div><\/section><section class=\"l-section wpb_row height_large\"><div class=\"l-section-h i-cf\"><div class=\"g-cols vc_row via_flex valign_middle type_default stacking_default\"><div class=\"vc_col-sm-12 wpb_column vc_column_container\"><div class=\"vc_column-inner\"><div class=\"wpb_wrapper\"><div class=\"g-cols wpb_row via_flex valign_middle type_default stacking_default\"><div class=\"vc_col-sm-6 wpb_column vc_column_container\"><div class=\"vc_column-inner us_custom_ba8e023c\"><div class=\"wpb_wrapper\"><div class=\"w-image us_custom_41db1529 align_none\"><div class=\"w-image-h\"><img decoding=\"async\" src=\"https:\/\/www.hotel-zumschiff.de\/wp-content\/uploads\/2024\/05\/shiff_pic_big.svg\" class=\"attachment-full size-full\" alt=\"\" loading=\"lazy\" \/><\/div><\/div><div class=\"w-separator size_small\"><\/div><h2 class=\"w-text\"><span class=\"w-text-h\"><span class=\"w-text-value\">Zu jedem Anlass und zu jeder Zeit<\/span><\/span><\/h2><div class=\"w-separator size_custom with_line width_default thick_2 style_solid color_primary align_center\" style=\"height:15px\"><div class=\"w-separator-h\"><\/div><\/div><div class=\"w-separator size_small\"><\/div><h3 class=\"w-text\"><span class=\"w-text-h\"><span class=\"w-text-value\">Tagungen und Feiern<\/span><\/span><\/h3><div class=\"wpb_text_column us_custom_1e0e9307\"><div class=\"wpb_wrapper\"><p>Unser multifunktionaler Veranstaltungsbereich verf\u00fcgt \u00fcber 5 klimatisierte R\u00e4ume, die sich je nach Veranstaltungszweck individuell ausstatten lassen.<br \/>\nGern sind wir der Gastgeber f\u00fcr Ihre Tagung und unterst\u00fctzen Sie bei der Planung und Ausrichtung und sorgen f\u00fcr Ihren individuellen Tagungserfolg. Und p\u00fcnktlich zur Pause steht eine St\u00e4rkung bereit, die bei sch\u00f6nem Wetter gern in unserem Garten eingenommen werden kann.<br \/>\nDenn ein leichtes Urlaubsgef\u00fchl stellt sich im Hotel Zum Schiff immer ein.<\/p>\n<p>Eine ganz besondere Freude macht es uns, Ihre Feierlichkeit ausrichten zu d\u00fcrfen. Egal ob Taufen, Geburtstage, Weihnachtsfeiern oder Jubil\u00e4en- wir sind Ihr verl\u00e4sslicher Partner bei der Gestaltung einer unvergesslichen Veranstaltung.<br \/>\nEs sind die verschiedensten Varianten der Bestuhlung und Raumtrennung m\u00f6glich. Gern beraten wir Sie individuell!<\/p>\n<\/div><\/div><div class=\"w-btn-wrapper align_none\"><a class=\"w-btn us-btn-style_1\" target=\"_blank\" href=\"\/kontakt\/\"><span class=\"w-btn-label\">JETZT ANFRAGEN!<\/span><\/a><\/div><\/div><\/div><\/div><div class=\"vc_col-sm-6 wpb_column vc_column_container has_bg_color stretched\"><div class=\"vc_column-inner us_custom_509fb149\"><div class=\"wpb_wrapper\"><\/div><\/div><\/div><\/div><\/div><\/div><\/div><\/div><\/div><\/section><section class=\"l-section wpb_row us_custom_3af46a05 height_large\"><div class=\"l-section-h i-cf\"><div class=\"g-cols vc_row via_flex valign_top type_default stacking_default\"><div class=\"vc_col-sm-12 vc_col-lg-6 vc_col-md-12 vc_col-xs-12 wpb_column vc_column_container\"><div class=\"vc_column-inner\"><div class=\"wpb_wrapper\"><div class=\"w-vwrapper us_custom_057801f8 align_none valign_middle\"><div class=\"w-hwrapper valign_top align_none\"><div class=\"wpb_text_column us_custom_b713816e\"><div class=\"wpb_wrapper\"><h3 style=\"text-align: center;\">Unsere Tagungsr\u00e4ume<\/h3>\n<p style=\"text-align: center;\">Gerne sind wir Ihr professioneller Gastgeber Ihrer Tagung. 5 vollklimatisierte, unterschiedlich gro\u00dfe Tagungsr\u00e4ume mit verschiedensten Bestuhlungsm\u00f6glichkeiten stehen Ihnen zur Verf\u00fcgung.<\/p>\n<p style=\"text-align: center;\">Hier finden Sie eine erste \u00dcbersicht, gern beraten wir Sie individuell.<\/p>\n<\/div><\/div><\/div><div class=\"w-hwrapper valign_top align_none\"><div class=\"w-image us_custom_de67d1db align_center\"><div class=\"w-image-h\"><img decoding=\"async\" width=\"1024\" height=\"683\" src=\"https:\/\/www.hotel-zumschiff.de\/wp-content\/uploads\/2024\/07\/2024_Schiff_rooms_0520_done-1024x683.jpg\" class=\"attachment-large size-large\" alt=\"\" loading=\"lazy\" srcset=\"https:\/\/www.hotel-zumschiff.de\/wp-content\/uploads\/2024\/07\/2024_Schiff_rooms_0520_done-1024x683.jpg 1024w, https:\/\/www.hotel-zumschiff.de\/wp-content\/uploads\/2024\/07\/2024_Schiff_rooms_0520_done-300x200.jpg 300w\" sizes=\"auto, (max-width: 1024px) 100vw, 1024px\" \/><\/div><\/div><\/div><div class=\"w-hwrapper us_custom_6972d9f4 valign_top align_center\" style=\"--hwrapper-gap:1.5rem\"><div class=\"w-btn-wrapper align_center\"><a class=\"w-btn us-btn-style_1\" href=\"\/tagungen\/\"><span class=\"w-btn-label\">Zu unseren Tagungsr\u00e4umen<\/span><\/a><\/div><\/div><\/div><\/div><\/div><\/div><div class=\"vc_col-sm-12 vc_col-lg-6 vc_col-md-12 vc_col-xs-12 wpb_column vc_column_container\"><div class=\"vc_column-inner\"><div class=\"wpb_wrapper\"><div class=\"w-vwrapper us_custom_057801f8 align_center valign_top\"><div class=\"w-hwrapper valign_top align_none\"><div class=\"wpb_text_column us_custom_b713816e\"><div class=\"wpb_wrapper\"><h3 style=\"text-align: center;\">Unsere Bankettr\u00e4ume<\/h3>\n<p style=\"text-align: center;\">Wir machen Ihre Feier zu einem unvergesslichen Erlebnis.<\/p>\n<p style=\"text-align: center;\">Hier finden Sie eine \u00dcbersicht \u00fcber unsere Bankettr\u00e4ume, gern beraten wir Sie individuell.<\/p>\n<\/div><\/div><\/div><div class=\"w-hwrapper valign_top align_none\"><div class=\"w-image us_custom_38bbf1ad align_none\"><div class=\"w-image-h\"><img decoding=\"async\" width=\"1024\" height=\"683\" src=\"https:\/\/www.hotel-zumschiff.de\/wp-content\/uploads\/2024\/06\/2024_Schiff_rooms_0178-1-1024x683.jpg\" class=\"attachment-large size-large\" alt=\"\" loading=\"lazy\" srcset=\"https:\/\/www.hotel-zumschiff.de\/wp-content\/uploads\/2024\/06\/2024_Schiff_rooms_0178-1-1024x683.jpg 1024w, https:\/\/www.hotel-zumschiff.de\/wp-content\/uploads\/2024\/06\/2024_Schiff_rooms_0178-1-300x200.jpg 300w, https:\/\/www.hotel-zumschiff.de\/wp-content\/uploads\/2024\/06\/2024_Schiff_rooms_0178-1.jpg 2048w\" sizes=\"auto, (max-width: 1024px) 100vw, 1024px\" \/><\/div><\/div><\/div><div class=\"w-hwrapper us_custom_6972d9f4 valign_top align_center\" style=\"--hwrapper-gap:1.5rem\"><div class=\"w-btn-wrapper align_center\"><a class=\"w-btn us-btn-style_1\" href=\"\/feiern-events\/\"><span class=\"w-btn-label\">Zu unseren Bankettr\u00e4umen<\/span><\/a><\/div><\/div><\/div><\/div><\/div><\/div><\/div><\/div><\/section>\n","protected":false},"excerpt":{"rendered":"Tagungen,Tagungen,Unsere klimatisierten und modern ausgestatteten Tagungsr\u00e4ume lassen Ihre Veranstaltung zu einem vollen Erfolg werden!Zu jedem Anlass und zu jeder ZeitTagungen und FeiernUnser multifunktionaler Veranstaltungsbereich verf\u00fcgt \u00fcber 5 klimatisierte R\u00e4ume, die sich je nach Veranstaltungszweck individuell ausstatten lassen. Gern sind wir der Gastgeber f\u00fcr Ihre Tagung und unterst\u00fctzen Sie bei der Planung und Ausrichtung und sorgen...","protected":false},"author":1,"featured_media":0,"parent":0,"menu_order":0,"comment_status":"closed","ping_status":"closed","template":"","meta":{"footnotes":""},"class_list":["post-9061","page","type-page","status-publish","hentry"],"yoast_head":"<!-- This site is optimized with the Yoast SEO plugin v26.8 - https:\/\/yoast.com\/product\/yoast-seo-wordpress\/ -->\n<title>Tagungen &amp; Feiern &#8211; Hotel zum Schiff in Freiburg-St. Georgen<\/title>\n<meta name=\"robots\" content=\"index, follow, max-snippet:-1, max-image-preview:large, max-video-preview:-1\" \/>\n<link rel=\"canonical\" href=\"https:\/\/www.hotel-zumschiff.de\/de\/tagungen-feiern\/\" \/>\n<meta property=\"og:locale\" content=\"de_DE\" \/>\n<meta property=\"og:type\" content=\"article\" \/>\n<meta property=\"og:title\" content=\"Tagungen &amp; Feiern &#8211; Hotel zum Schiff in Freiburg-St. Georgen\" \/>\n<meta property=\"og:url\" content=\"https:\/\/www.hotel-zumschiff.de\/de\/tagungen-feiern\/\" \/>\n<meta property=\"og:site_name\" content=\"Hotel zum Schiff in Freiburg-St. Georgen\" \/>\n<meta property=\"article:modified_time\" content=\"2024-08-02T06:08:18+00:00\" \/>\n<meta property=\"og:image\" content=\"https:\/\/www.hotel-zumschiff.de\/wp-content\/uploads\/2024\/07\/2024_schiff_02_0134_done-min-scaled.jpg\" \/>\n\t<meta property=\"og:image:width\" content=\"2560\" \/>\n\t<meta property=\"og:image:height\" content=\"1707\" \/>\n\t<meta property=\"og:image:type\" content=\"image\/jpeg\" \/>\n<meta name=\"twitter:card\" content=\"summary_large_image\" \/>\n<meta name=\"twitter:label1\" content=\"Gesch\u00e4tzte Lesezeit\" \/>\n\t<meta name=\"twitter:data1\" content=\"4\u00a0Minuten\" \/>\n<script type=\"application\/ld+json\" class=\"yoast-schema-graph\">{\"@context\":\"https:\/\/schema.org\",\"@graph\":[{\"@type\":\"WebPage\",\"@id\":\"https:\/\/www.hotel-zumschiff.de\/de\/tagungen-feiern\/\",\"url\":\"https:\/\/www.hotel-zumschiff.de\/de\/tagungen-feiern\/\",\"name\":\"Tagungen & Feiern &#8211; Hotel zum Schiff in Freiburg-St. Georgen\",\"isPartOf\":{\"@id\":\"https:\/\/www.hotel-zumschiff.de\/de\/#website\"},\"datePublished\":\"2024-07-16T12:08:58+00:00\",\"dateModified\":\"2024-08-02T06:08:18+00:00\",\"breadcrumb\":{\"@id\":\"https:\/\/www.hotel-zumschiff.de\/de\/tagungen-feiern\/#breadcrumb\"},\"inLanguage\":\"de\",\"potentialAction\":[{\"@type\":\"ReadAction\",\"target\":[\"https:\/\/www.hotel-zumschiff.de\/de\/tagungen-feiern\/\"]}]},{\"@type\":\"BreadcrumbList\",\"@id\":\"https:\/\/www.hotel-zumschiff.de\/de\/tagungen-feiern\/#breadcrumb\",\"itemListElement\":[{\"@type\":\"ListItem\",\"position\":1,\"name\":\"Startseite\",\"item\":\"https:\/\/www.hotel-zumschiff.de\/de\/\"},{\"@type\":\"ListItem\",\"position\":2,\"name\":\"Tagungen &#038; Feiern\"}]},{\"@type\":\"WebSite\",\"@id\":\"https:\/\/www.hotel-zumschiff.de\/de\/#website\",\"url\":\"https:\/\/www.hotel-zumschiff.de\/de\/\",\"name\":\"Hotel zum Schiff in Freiburg-St. Georgen\",\"description\":\"Badische Gastfreundschaft mit langer Tradition\",\"publisher\":{\"@id\":\"https:\/\/www.hotel-zumschiff.de\/de\/#organization\"},\"alternateName\":\"Hotel zum Schiff\",\"potentialAction\":[{\"@type\":\"SearchAction\",\"target\":{\"@type\":\"EntryPoint\",\"urlTemplate\":\"https:\/\/www.hotel-zumschiff.de\/de\/?s={search_term_string}\"},\"query-input\":{\"@type\":\"PropertyValueSpecification\",\"valueRequired\":true,\"valueName\":\"search_term_string\"}}],\"inLanguage\":\"de\"},{\"@type\":\"Organization\",\"@id\":\"https:\/\/www.hotel-zumschiff.de\/de\/#organization\",\"name\":\"Hotel zum Schiff in Freiburg-St. Georgen\",\"alternateName\":\"Hotel zum Schiff\",\"url\":\"https:\/\/www.hotel-zumschiff.de\/de\/\",\"logo\":{\"@type\":\"ImageObject\",\"inLanguage\":\"de\",\"@id\":\"https:\/\/www.hotel-zumschiff.de\/de\/#\/schema\/logo\/image\/\",\"url\":\"https:\/\/www.hotel-zumschiff.de\/wp-content\/uploads\/2024\/05\/HZS_Logo2.svg\",\"contentUrl\":\"https:\/\/www.hotel-zumschiff.de\/wp-content\/uploads\/2024\/05\/HZS_Logo2.svg\",\"width\":\"1024\",\"height\":\"1024\",\"caption\":\"Hotel zum Schiff in Freiburg-St. Georgen\"},\"image\":{\"@id\":\"https:\/\/www.hotel-zumschiff.de\/de\/#\/schema\/logo\/image\/\"}}]}<\/script>\n<!-- \/ Yoast SEO plugin. -->","yoast_head_json":{"title":"Tagungen & Feiern &#8211; Hotel zum Schiff in Freiburg-St. Georgen","robots":{"index":"index","follow":"follow","max-snippet":"max-snippet:-1","max-image-preview":"max-image-preview:large","max-video-preview":"max-video-preview:-1"},"canonical":"https:\/\/www.hotel-zumschiff.de\/de\/tagungen-feiern\/","og_locale":"de_DE","og_type":"article","og_title":"Tagungen & Feiern &#8211; Hotel zum Schiff in Freiburg-St. Georgen","og_url":"https:\/\/www.hotel-zumschiff.de\/de\/tagungen-feiern\/","og_site_name":"Hotel zum Schiff in Freiburg-St. Georgen","article_modified_time":"2024-08-02T06:08:18+00:00","og_image":[{"width":2560,"height":1707,"url":"https:\/\/www.hotel-zumschiff.de\/wp-content\/uploads\/2024\/07\/2024_schiff_02_0134_done-min-scaled.jpg","type":"image\/jpeg"}],"twitter_card":"summary_large_image","twitter_misc":{"Gesch\u00e4tzte Lesezeit":"4\u00a0Minuten"},"schema":{"@context":"https:\/\/schema.org","@graph":[{"@type":"WebPage","@id":"https:\/\/www.hotel-zumschiff.de\/de\/tagungen-feiern\/","url":"https:\/\/www.hotel-zumschiff.de\/de\/tagungen-feiern\/","name":"Tagungen & Feiern &#8211; Hotel zum Schiff in Freiburg-St. Georgen","isPartOf":{"@id":"https:\/\/www.hotel-zumschiff.de\/de\/#website"},"datePublished":"2024-07-16T12:08:58+00:00","dateModified":"2024-08-02T06:08:18+00:00","breadcrumb":{"@id":"https:\/\/www.hotel-zumschiff.de\/de\/tagungen-feiern\/#breadcrumb"},"inLanguage":"de","potentialAction":[{"@type":"ReadAction","target":["https:\/\/www.hotel-zumschiff.de\/de\/tagungen-feiern\/"]}]},{"@type":"BreadcrumbList","@id":"https:\/\/www.hotel-zumschiff.de\/de\/tagungen-feiern\/#breadcrumb","itemListElement":[{"@type":"ListItem","position":1,"name":"Startseite","item":"https:\/\/www.hotel-zumschiff.de\/de\/"},{"@type":"ListItem","position":2,"name":"Tagungen &#038; Feiern"}]},{"@type":"WebSite","@id":"https:\/\/www.hotel-zumschiff.de\/de\/#website","url":"https:\/\/www.hotel-zumschiff.de\/de\/","name":"Hotel zum Schiff in Freiburg-St. Georgen","description":"Badische Gastfreundschaft mit langer Tradition","publisher":{"@id":"https:\/\/www.hotel-zumschiff.de\/de\/#organization"},"alternateName":"Hotel zum Schiff","potentialAction":[{"@type":"SearchAction","target":{"@type":"EntryPoint","urlTemplate":"https:\/\/www.hotel-zumschiff.de\/de\/?s={search_term_string}"},"query-input":{"@type":"PropertyValueSpecification","valueRequired":true,"valueName":"search_term_string"}}],"inLanguage":"de"},{"@type":"Organization","@id":"https:\/\/www.hotel-zumschiff.de\/de\/#organization","name":"Hotel zum Schiff in Freiburg-St. Georgen","alternateName":"Hotel zum Schiff","url":"https:\/\/www.hotel-zumschiff.de\/de\/","logo":{"@type":"ImageObject","inLanguage":"de","@id":"https:\/\/www.hotel-zumschiff.de\/de\/#\/schema\/logo\/image\/","url":"https:\/\/www.hotel-zumschiff.de\/wp-content\/uploads\/2024\/05\/HZS_Logo2.svg","contentUrl":"https:\/\/www.hotel-zumschiff.de\/wp-content\/uploads\/2024\/05\/HZS_Logo2.svg","width":"1024","height":"1024","caption":"Hotel zum Schiff in Freiburg-St. Georgen"},"image":{"@id":"https:\/\/www.hotel-zumschiff.de\/de\/#\/schema\/logo\/image\/"}}]}},"_links":{"self":[{"href":"https:\/\/www.hotel-zumschiff.de\/de\/wp-json\/wp\/v2\/pages\/9061","targetHints":{"allow":["GET"]}}],"collection":[{"href":"https:\/\/www.hotel-zumschiff.de\/de\/wp-json\/wp\/v2\/pages"}],"about":[{"href":"https:\/\/www.hotel-zumschiff.de\/de\/wp-json\/wp\/v2\/types\/page"}],"author":[{"embeddable":true,"href":"https:\/\/www.hotel-zumschiff.de\/de\/wp-json\/wp\/v2\/users\/1"}],"replies":[{"embeddable":true,"href":"https:\/\/www.hotel-zumschiff.de\/de\/wp-json\/wp\/v2\/comments?post=9061"}],"version-history":[{"count":10,"href":"https:\/\/www.hotel-zumschiff.de\/de\/wp-json\/wp\/v2\/pages\/9061\/revisions"}],"predecessor-version":[{"id":10279,"href":"https:\/\/www.hotel-zumschiff.de\/de\/wp-json\/wp\/v2\/pages\/9061\/revisions\/10279"}],"wp:attachment":[{"href":"https:\/\/www.hotel-zumschiff.de\/de\/wp-json\/wp\/v2\/media?parent=9061"}],"curies":[{"name":"wp","href":"https:\/\/api.w.org\/{rel}","templated":true}]}}